{"id":25877,"date":"2025-02-23T16:53:28","date_gmt":"2025-02-23T15:53:28","guid":{"rendered":"https:\/\/italiansublimefood.com\/product\/cocktail-reiben-spritz-bugin\/"},"modified":"2025-05-05T10:03:59","modified_gmt":"2025-05-05T08:03:59","slug":"cocktail-reiben-spritz-bugin","status":"publish","type":"product","link":"https:\/\/italiansublimefood.com\/de\/produkt\/cocktail-reiben-spritz-bugin\/","title":{"rendered":"Cocktail reiben Spritz &#8211; Bugin"},"content":{"rendered":"","protected":false},"excerpt":{"rendered":"<p>Geben Sie Ihrem BBQ eine lebendige Note mit dem Spritz Cocktail Rub. Ideal <strong>f\u00fcr Schweinefleisch<\/strong>, insbesondere <strong>Pulled Pork und Burnt Ends<\/strong>. Eine Synergie von Aromen, die jeden Bissen zu einem einzigartigen Erlebnis macht. Die perfekte Zutat f\u00fcr BBQ-Liebhaber.<br \/>\n<strong>Enth\u00e4lt keinen Alkohol, keine Farbstoffe und keine Konservierungsstoffe.<\/strong><br \/>\nDie unglaubliche Erfahrung von JS1599 und die von Mauro Schiavo, dem Gr\u00fcnder von BUGIN, haben sich auf der Suche nach Aromen zusammengetan, um Ihren Zubereitungen einen unglaublichen Geschmack zu verleihen.<br \/>\n<strong>ZUTATEN<\/strong>: Salz, brauner Zucker, Orangenschalen, Lorbeerbl\u00e4tter, Koriandersamen, s\u00fc\u00dfer Paprika, rosa Pfeffer, Zwiebelgranulat, Timut-Pfeffer, starker Paprika, schwarzer Pfeffer, Rosmarin, Sternanis, Beifu\u00df, Schafgarbe. Machen Sie Ihre Gerichte unnachahmlich mit einem einzigartigen Produkt auf dem Markt, das die Welten der Mixologie und des Barbecue vereint!<br \/>\n200 g Dose.<\/p>\n","protected":false},"featured_media":25696,"template":"","meta":[],"product_brand":[],"product_cat":[15],"product_tag":[],"class_list":{"0":"post-25877","1":"product","2":"type-product","3":"status-publish","4":"has-post-thumbnail","6":"product_cat-salumi-e-carni","8":"first","9":"instock","10":"taxable","11":"shipping-taxable","12":"purchasable","13":"product-type-simple"},"_links":{"self":[{"href":"https:\/\/italiansublimefood.com\/de\/wp-json\/wp\/v2\/product\/25877","targetHints":{"allow":["GET"]}}],"collection":[{"href":"https:\/\/italiansublimefood.com\/de\/wp-json\/wp\/v2\/product"}],"about":[{"href":"https:\/\/italiansublimefood.com\/de\/wp-json\/wp\/v2\/types\/product"}],"wp:featuredmedia":[{"embeddable":true,"href":"https:\/\/italiansublimefood.com\/de\/wp-json\/wp\/v2\/media\/25696"}],"wp:attachment":[{"href":"https:\/\/italiansublimefood.com\/de\/wp-json\/wp\/v2\/media?parent=25877"}],"wp:term":[{"taxonomy":"product_brand","embeddable":true,"href":"https:\/\/italiansublimefood.com\/de\/wp-json\/wp\/v2\/product_brand?post=25877"},{"taxonomy":"product_cat","embeddable":true,"href":"https:\/\/italiansublimefood.com\/de\/wp-json\/wp\/v2\/product_cat?post=25877"},{"taxonomy":"product_tag","embeddable":true,"href":"https:\/\/italiansublimefood.com\/de\/wp-json\/wp\/v2\/product_tag?post=25877"}],"curies":[{"name":"wp","href":"https:\/\/api.w.org\/{rel}","templated":true}]}}