{"id":25872,"date":"2025-02-23T16:51:56","date_gmt":"2025-02-23T15:51:56","guid":{"rendered":"https:\/\/italiansublimefood.com\/product\/cocktail-reiben-negroni-bugin\/"},"modified":"2025-05-05T10:03:59","modified_gmt":"2025-05-05T08:03:59","slug":"cocktail-reiben-negroni-bugin","status":"publish","type":"product","link":"https:\/\/italiansublimefood.com\/de\/produkt\/cocktail-reiben-negroni-bugin\/","title":{"rendered":"Cocktail reiben Negroni &#8211; Bugin"},"content":{"rendered":"","protected":false},"excerpt":{"rendered":"<p>Verwandeln Sie Ihre <strong>Schweinerippchen<\/strong> in ein Kunstwerk des Grillens. In diesem Cocktail-Rub flirten die Botanicals des BUGIN Gins mit den Aromen des Negroni und bieten ein unwiderstehliches Geschmackserlebnis f\u00fcr BBQ-Liebhaber.<br \/>\nENTH\u00c4LT KEINEN ALKOHOL, KEINE FARBE UND KEINE KONSERVIERUNGSMITTEL.<br \/>\nDie unglaubliche Gew\u00fcrzkompetenz von JS1599 und die von Mauro Schiavo, dem Gr\u00fcnder von BUGIN, haben sich in einer gro\u00dfen Suche nach Aromen vereint, um Ihren Zubereitungen einen unglaublichen Geschmack zu verleihen. ZUTATEN: Salz, Zwiebel, Orangenschalenpulver, ger\u00e4ucherter Paprika, granulierter Pfeffer, gemahlener Wacholder, brauner Zucker, Knoblauch, Koriander, Beifu\u00df, ger\u00e4ucherter Pfeffer, Muskatnuss, Speckaroma, Thymian, Schafgarbe, Timut-Pfeffer. Machen Sie Ihre Gerichte unnachahmlich mit einem einzigartigen Produkt auf dem Markt, das die Welten der Mixologie und des Barbecue vereint!<br \/>\n200 g Dose.<\/p>\n","protected":false},"featured_media":25692,"template":"","meta":[],"product_brand":[],"product_cat":[15],"product_tag":[],"class_list":{"0":"post-25872","1":"product","2":"type-product","3":"status-publish","4":"has-post-thumbnail","6":"product_cat-salumi-e-carni","8":"first","9":"instock","10":"taxable","11":"shipping-taxable","12":"purchasable","13":"product-type-simple"},"_links":{"self":[{"href":"https:\/\/italiansublimefood.com\/de\/wp-json\/wp\/v2\/product\/25872","targetHints":{"allow":["GET"]}}],"collection":[{"href":"https:\/\/italiansublimefood.com\/de\/wp-json\/wp\/v2\/product"}],"about":[{"href":"https:\/\/italiansublimefood.com\/de\/wp-json\/wp\/v2\/types\/product"}],"wp:featuredmedia":[{"embeddable":true,"href":"https:\/\/italiansublimefood.com\/de\/wp-json\/wp\/v2\/media\/25692"}],"wp:attachment":[{"href":"https:\/\/italiansublimefood.com\/de\/wp-json\/wp\/v2\/media?parent=25872"}],"wp:term":[{"taxonomy":"product_brand","embeddable":true,"href":"https:\/\/italiansublimefood.com\/de\/wp-json\/wp\/v2\/product_brand?post=25872"},{"taxonomy":"product_cat","embeddable":true,"href":"https:\/\/italiansublimefood.com\/de\/wp-json\/wp\/v2\/product_cat?post=25872"},{"taxonomy":"product_tag","embeddable":true,"href":"https:\/\/italiansublimefood.com\/de\/wp-json\/wp\/v2\/product_tag?post=25872"}],"curies":[{"name":"wp","href":"https:\/\/api.w.org\/{rel}","templated":true}]}}