{"id":25871,"date":"2025-02-23T16:54:40","date_gmt":"2025-02-23T15:54:40","guid":{"rendered":"https:\/\/italiansublimefood.com\/product\/cocktail-reiben-gin-mule-bugin\/"},"modified":"2025-05-05T10:03:59","modified_gmt":"2025-05-05T08:03:59","slug":"cocktail-reiben-gin-mule-bugin","status":"publish","type":"product","link":"https:\/\/italiansublimefood.com\/de\/produkt\/cocktail-reiben-gin-mule-bugin\/","title":{"rendered":"Cocktail reiben Gin Mule &#8211; Bugin"},"content":{"rendered":"","protected":false},"excerpt":{"rendered":"<p>Verfeinern Sie<strong> wei\u00dfes Fleisch und Lachs<\/strong> mit dem Gin Mule Cocktail Rub, angereichert mit BUGIN Gin-Botanicals. Eine Geschmacksverschmelzung, die Frische und Tiefe vereint und die perfekte Erg\u00e4nzung f\u00fcr ein stilvolles BBQ darstellt.<br \/>\n<strong>Enth\u00e4lt keinen Alkohol, keine Farbstoffe und keine Konservierungsstoffe.<\/strong><br \/>\nDie unglaubliche Erfahrung von JS1599 und die von Mauro Schiavo, dem Gr\u00fcnder von BUGIN, haben sich auf der Suche nach Aromen zusammengetan, um Ihren Zubereitungen einen unglaublichen Geschmack zu verleihen.<br \/>\n<strong>ZUTATEN:<\/strong> Salz, brauner Zucker, Koriandersamen, Thymian, gemahlener Wacholder, Ingwer, Zitronenschale, Zwiebel, Orangenschale, Timut-Pfeffer, Limettenpulver, s\u00fc\u00dfes Paprikapulver, Lorbeerblatt, Rosmarin, Beifu\u00df, Schafgarbe. Machen Sie Ihre Gerichte unnachahmlich mit einem einzigartigen Produkt auf dem Markt, das die Welten der Mixologie und des Barbecues vereint!<br \/>\n200 g Dose.<\/p>\n","protected":false},"featured_media":25699,"template":"","meta":[],"product_brand":[],"product_cat":[15],"product_tag":[],"class_list":{"0":"post-25871","1":"product","2":"type-product","3":"status-publish","4":"has-post-thumbnail","6":"product_cat-salumi-e-carni","8":"first","9":"instock","10":"taxable","11":"shipping-taxable","12":"purchasable","13":"product-type-simple"},"_links":{"self":[{"href":"https:\/\/italiansublimefood.com\/de\/wp-json\/wp\/v2\/product\/25871","targetHints":{"allow":["GET"]}}],"collection":[{"href":"https:\/\/italiansublimefood.com\/de\/wp-json\/wp\/v2\/product"}],"about":[{"href":"https:\/\/italiansublimefood.com\/de\/wp-json\/wp\/v2\/types\/product"}],"wp:featuredmedia":[{"embeddable":true,"href":"https:\/\/italiansublimefood.com\/de\/wp-json\/wp\/v2\/media\/25699"}],"wp:attachment":[{"href":"https:\/\/italiansublimefood.com\/de\/wp-json\/wp\/v2\/media?parent=25871"}],"wp:term":[{"taxonomy":"product_brand","embeddable":true,"href":"https:\/\/italiansublimefood.com\/de\/wp-json\/wp\/v2\/product_brand?post=25871"},{"taxonomy":"product_cat","embeddable":true,"href":"https:\/\/italiansublimefood.com\/de\/wp-json\/wp\/v2\/product_cat?post=25871"},{"taxonomy":"product_tag","embeddable":true,"href":"https:\/\/italiansublimefood.com\/de\/wp-json\/wp\/v2\/product_tag?post=25871"}],"curies":[{"name":"wp","href":"https:\/\/api.w.org\/{rel}","templated":true}]}}