{"id":25866,"date":"2025-02-22T23:29:44","date_gmt":"2025-02-22T22:29:44","guid":{"rendered":"https:\/\/italiansublimefood.com\/product\/gin-bugin-old-tom-barrique-ex-wermut-limited-edition-70-cl-bugin\/"},"modified":"2025-05-05T10:03:59","modified_gmt":"2025-05-05T08:03:59","slug":"gin-bugin-old-tom-barrique-ex-wermut-limited-edition-70-cl-bugin","status":"publish","type":"product","link":"https:\/\/italiansublimefood.com\/de\/produkt\/gin-bugin-old-tom-barrique-ex-wermut-limited-edition-70-cl-bugin\/","title":{"rendered":"Gin BUGIN Old Tom Barrique ex Wermut Limited Edition 70 cl &#8211; Bugin"},"content":{"rendered":"","protected":false},"excerpt":{"rendered":"<p>BUGIN Barrique Old Tom Limited Edition Gin (40% Vol.) ist das Ergebnis einer sorgf\u00e4ltigen Lagerung des BUGIN Gins in dem Eichenfass, in dem zuvor der rote Vermouth di Torino Superiore lagerte. Er hat einen charakteristischen Hauch von Holz, angenehme Tannin-Noten und eine feine S\u00fc\u00dfe. Er ist ein Old Tom: er enth\u00e4lt Zucker in der Rezeptur (40 g pro Liter). Probieren Sie ihn pur und erleben Sie ein au\u00dfergew\u00f6hnliches Geschmackserlebnis. Er ist das ideale Destillat zum Verschneiden und Marinieren von Fleischst\u00fccken sowie f\u00fcr Cocktails. In Cocktails erg\u00e4nzen die Aromen und D\u00fcfte von BUGIN die Geschmacksnoten von Fleischgerichten. In der Nase ist er sehr aromatisch und wohlriechend, mit zarten blumigen Noten. Am Gaumen ist er trockener. Die St\u00e4rke der Botanicals rundet das Erlebnis ab und vervollst\u00e4ndigt es. Sein Aroma ist aromatisch und angenehm mit balsamischen Noten. Der Geschmack ist ausgewogen und kr\u00e4ftig: Thymian, Genepy und Wacholder \u00fcberwiegen. BUGIN wird im Piemont destilliert, und zwar mit Botanicals, die die \u00fcblicherweise in der Fleischk\u00fcche verwendeten erg\u00e4nzen. Wir bieten ihn auch in seiner eleganten Verpackung an, die an die Mole Antonelliana, eines der Symbole der Stadt Turin, erinnert. BUGIN Gin enth\u00e4lt acht Botanicals: Wacholder, Genepy, Artemisia, Thymian, Achillea Millefoglie, Angelica, Tanaceto und Zedoaria.<br \/>\n70 cl Flasche. 40% vol.             <\/p>\n","protected":false},"featured_media":25673,"template":"","meta":[],"product_brand":[],"product_cat":[15],"product_tag":[],"class_list":{"0":"post-25866","1":"product","2":"type-product","3":"status-publish","4":"has-post-thumbnail","6":"product_cat-salumi-e-carni","8":"first","9":"instock","10":"taxable","11":"shipping-taxable","12":"purchasable","13":"product-type-simple"},"_links":{"self":[{"href":"https:\/\/italiansublimefood.com\/de\/wp-json\/wp\/v2\/product\/25866","targetHints":{"allow":["GET"]}}],"collection":[{"href":"https:\/\/italiansublimefood.com\/de\/wp-json\/wp\/v2\/product"}],"about":[{"href":"https:\/\/italiansublimefood.com\/de\/wp-json\/wp\/v2\/types\/product"}],"wp:featuredmedia":[{"embeddable":true,"href":"https:\/\/italiansublimefood.com\/de\/wp-json\/wp\/v2\/media\/25673"}],"wp:attachment":[{"href":"https:\/\/italiansublimefood.com\/de\/wp-json\/wp\/v2\/media?parent=25866"}],"wp:term":[{"taxonomy":"product_brand","embeddable":true,"href":"https:\/\/italiansublimefood.com\/de\/wp-json\/wp\/v2\/product_brand?post=25866"},{"taxonomy":"product_cat","embeddable":true,"href":"https:\/\/italiansublimefood.com\/de\/wp-json\/wp\/v2\/product_cat?post=25866"},{"taxonomy":"product_tag","embeddable":true,"href":"https:\/\/italiansublimefood.com\/de\/wp-json\/wp\/v2\/product_tag?post=25866"}],"curies":[{"name":"wp","href":"https:\/\/api.w.org\/{rel}","templated":true}]}}