{"id":25861,"date":"2025-02-22T23:33:58","date_gmt":"2025-02-22T22:33:58","guid":{"rendered":"https:\/\/italiansublimefood.com\/product\/gin-bugin-barrique-ex-thymian-limitierte-auflage-70-cl-bugin\/"},"modified":"2025-05-05T10:03:59","modified_gmt":"2025-05-05T08:03:59","slug":"gin-bugin-barrique-ex-thymian-limitierte-auflage-70-cl-bugin","status":"publish","type":"product","link":"https:\/\/italiansublimefood.com\/de\/produkt\/gin-bugin-barrique-ex-thymian-limitierte-auflage-70-cl-bugin\/","title":{"rendered":"Gin BUGIN Barrique ex Thymian Limitierte Auflage 70 cl &#8211; Bugin"},"content":{"rendered":"","protected":false},"excerpt":{"rendered":"<p>Nur 270 Flaschen BUGIN Barrique ex Thymian (45% VOL), mit einem k\u00fchnen Charakter, der von der Lagerung des BUGIN Gins in dem Eichenfass herr\u00fchrt, in dem der Thymianlik\u00f6r gereift ist. Diese Verfeinerung verst\u00e4rkt die ohnehin schon faszinierende Thymian-Note im Destillat und l\u00e4sst eine delikate Komplexit\u00e4t und ausgepr\u00e4gte Aromatik hervortreten. Es ist das ideale Destillat zum Nuancieren und Marinieren von Fleischst\u00fccken und auch f\u00fcr Cocktails. In Cocktails erg\u00e4nzen die Aromen und D\u00fcfte von BUGIN die Geschmacksnoten von Fleischgerichten. In der Nase ist er sehr aromatisch und wohlriechend, mit zarten blumigen Noten. Am Gaumen ist er trockener. Die St\u00e4rke der Botanicals rundet das Erlebnis ab und vervollst\u00e4ndigt es. Sein Aroma ist aromatisch und angenehm mit balsamischen Noten. Der Geschmack ist ausgewogen und kr\u00e4ftig: Thymian, Genepy und Wacholder \u00fcberwiegen. BUGIN wird im Piemont destilliert, und zwar mit Botanicals, die die \u00fcblicherweise in der Fleischk\u00fcche verwendeten erg\u00e4nzen. Wir bieten ihn auch in seiner eleganten Verpackung an, die an die Mole Antonelliana, eines der Symbole der Stadt Turin, erinnert. In BUGIN Gin sind acht Botanicals enthalten: Wacholder, Genepy, Artemisia, Thymian, Achillea Millefoglie, Angelica, Tanaceto und Zedoaria.<br \/>\nGin BUGIN Barrique ex Timo Limited Edition wird in einer 70 cl Flasche geliefert. 45% vol.           <\/p>\n","protected":false},"featured_media":25677,"template":"","meta":[],"product_brand":[],"product_cat":[15],"product_tag":[],"class_list":{"0":"post-25861","1":"product","2":"type-product","3":"status-publish","4":"has-post-thumbnail","6":"product_cat-salumi-e-carni","8":"first","9":"instock","10":"taxable","11":"shipping-taxable","12":"purchasable","13":"product-type-simple"},"_links":{"self":[{"href":"https:\/\/italiansublimefood.com\/de\/wp-json\/wp\/v2\/product\/25861","targetHints":{"allow":["GET"]}}],"collection":[{"href":"https:\/\/italiansublimefood.com\/de\/wp-json\/wp\/v2\/product"}],"about":[{"href":"https:\/\/italiansublimefood.com\/de\/wp-json\/wp\/v2\/types\/product"}],"wp:featuredmedia":[{"embeddable":true,"href":"https:\/\/italiansublimefood.com\/de\/wp-json\/wp\/v2\/media\/25677"}],"wp:attachment":[{"href":"https:\/\/italiansublimefood.com\/de\/wp-json\/wp\/v2\/media?parent=25861"}],"wp:term":[{"taxonomy":"product_brand","embeddable":true,"href":"https:\/\/italiansublimefood.com\/de\/wp-json\/wp\/v2\/product_brand?post=25861"},{"taxonomy":"product_cat","embeddable":true,"href":"https:\/\/italiansublimefood.com\/de\/wp-json\/wp\/v2\/product_cat?post=25861"},{"taxonomy":"product_tag","embeddable":true,"href":"https:\/\/italiansublimefood.com\/de\/wp-json\/wp\/v2\/product_tag?post=25861"}],"curies":[{"name":"wp","href":"https:\/\/api.w.org\/{rel}","templated":true}]}}