{"id":25858,"date":"2025-02-22T22:41:28","date_gmt":"2025-02-22T21:41:28","guid":{"rendered":"https:\/\/italiansublimefood.com\/product\/fanciulli-bio-natives-olivenoel-extra-olio-fanciulli\/"},"modified":"2025-05-05T10:03:59","modified_gmt":"2025-05-05T08:03:59","slug":"fanciulli-bio-natives-olivenoel-extra-olio-fanciulli","status":"publish","type":"product","link":"https:\/\/italiansublimefood.com\/de\/produkt\/fanciulli-bio-natives-olivenoel-extra-olio-fanciulli\/","title":{"rendered":"Fanciulli Bio Natives Oliven\u00f6l Extra &#8211; Olio Fanciulli"},"content":{"rendered":"","protected":false},"excerpt":{"rendered":"<p>Die Qualit\u00e4t des<strong>nativen Oliven\u00f6ls extra aus biologischem Anbau<\/strong> von Fanciulli wird durch die verschiedenen Sorten garantiert, die auf den Tausenden von Olivenb\u00e4umen des Unternehmens wachsen. Die Oliven werden direkt vom Baum geerntet, damit sie nicht mit dem Boden in Ber\u00fchrung kommen. Anschlie\u00dfend werden sie in der eigenen hochmodernen \u00d6lm\u00fchle in einem kontinuierlichen Zyklus mechanisch gepresst, wodurch ein sehr typisches Produkt entsteht. OLIVENANBAUKAMPAGNE: 2024\/2025  <\/p>\n","protected":false},"featured_media":25645,"template":"","meta":[],"product_brand":[],"product_cat":[15],"product_tag":[358],"class_list":{"0":"post-25858","1":"product","2":"type-product","3":"status-publish","4":"has-post-thumbnail","6":"product_cat-salumi-e-carni","7":"product_tag-bugin","9":"first","10":"instock","11":"taxable","12":"shipping-taxable","13":"purchasable","14":"product-type-variable"},"_links":{"self":[{"href":"https:\/\/italiansublimefood.com\/de\/wp-json\/wp\/v2\/product\/25858","targetHints":{"allow":["GET"]}}],"collection":[{"href":"https:\/\/italiansublimefood.com\/de\/wp-json\/wp\/v2\/product"}],"about":[{"href":"https:\/\/italiansublimefood.com\/de\/wp-json\/wp\/v2\/types\/product"}],"wp:featuredmedia":[{"embeddable":true,"href":"https:\/\/italiansublimefood.com\/de\/wp-json\/wp\/v2\/media\/25645"}],"wp:attachment":[{"href":"https:\/\/italiansublimefood.com\/de\/wp-json\/wp\/v2\/media?parent=25858"}],"wp:term":[{"taxonomy":"product_brand","embeddable":true,"href":"https:\/\/italiansublimefood.com\/de\/wp-json\/wp\/v2\/product_brand?post=25858"},{"taxonomy":"product_cat","embeddable":true,"href":"https:\/\/italiansublimefood.com\/de\/wp-json\/wp\/v2\/product_cat?post=25858"},{"taxonomy":"product_tag","embeddable":true,"href":"https:\/\/italiansublimefood.com\/de\/wp-json\/wp\/v2\/product_tag?post=25858"}],"curies":[{"name":"wp","href":"https:\/\/api.w.org\/{rel}","templated":true}]}}