{"id":25849,"date":"2025-02-22T18:59:49","date_gmt":"2025-02-22T17:59:49","guid":{"rendered":"https:\/\/italiansublimefood.com\/product\/natives-olivenoel-extra-aus-der-toskana-g-g-a-fanciulli-oel\/"},"modified":"2025-05-05T10:03:58","modified_gmt":"2025-05-05T08:03:58","slug":"natives-olivenoel-extra-aus-der-toskana-g-g-a-fanciulli-oel","status":"publish","type":"product","link":"https:\/\/italiansublimefood.com\/de\/produkt\/natives-olivenoel-extra-aus-der-toskana-g-g-a-fanciulli-oel\/","title":{"rendered":"Natives Oliven\u00f6l Extra aus der Toskana g.g.A. &#8211; Fanciulli \u00d6l"},"content":{"rendered":"","protected":false},"excerpt":{"rendered":"<p>Das Bio-Oliven\u00f6l Extra Vergine Toscano IGP hat einen klar definierten Charakter: fruchtige Noten von Artischocke, frischem Gras oder Mandeln werden von den typischen Noten von Bitterkeit und Sch\u00e4rfe begleitet, die es entschlossen, aber gut ausgewogen machen. OLIVENANBAUKAMPAGNE: 2024\/2025. <\/p>\n","protected":false},"featured_media":25617,"template":"","meta":[],"product_brand":[],"product_cat":[15],"product_tag":[359],"class_list":{"0":"post-25849","1":"product","2":"type-product","3":"status-publish","4":"has-post-thumbnail","6":"product_cat-salumi-e-carni","7":"product_tag-olio-fanciulli","9":"first","10":"instock","11":"taxable","12":"shipping-taxable","13":"purchasable","14":"product-type-variable"},"_links":{"self":[{"href":"https:\/\/italiansublimefood.com\/de\/wp-json\/wp\/v2\/product\/25849","targetHints":{"allow":["GET"]}}],"collection":[{"href":"https:\/\/italiansublimefood.com\/de\/wp-json\/wp\/v2\/product"}],"about":[{"href":"https:\/\/italiansublimefood.com\/de\/wp-json\/wp\/v2\/types\/product"}],"wp:featuredmedia":[{"embeddable":true,"href":"https:\/\/italiansublimefood.com\/de\/wp-json\/wp\/v2\/media\/25617"}],"wp:attachment":[{"href":"https:\/\/italiansublimefood.com\/de\/wp-json\/wp\/v2\/media?parent=25849"}],"wp:term":[{"taxonomy":"product_brand","embeddable":true,"href":"https:\/\/italiansublimefood.com\/de\/wp-json\/wp\/v2\/product_brand?post=25849"},{"taxonomy":"product_cat","embeddable":true,"href":"https:\/\/italiansublimefood.com\/de\/wp-json\/wp\/v2\/product_cat?post=25849"},{"taxonomy":"product_tag","embeddable":true,"href":"https:\/\/italiansublimefood.com\/de\/wp-json\/wp\/v2\/product_tag?post=25849"}],"curies":[{"name":"wp","href":"https:\/\/api.w.org\/{rel}","templated":true}]}}