{"id":25844,"date":"2025-02-22T17:50:28","date_gmt":"2025-02-22T16:50:28","guid":{"rendered":"https:\/\/italiansublimefood.com\/product\/bio-natives-olivenoel-extra-terre-di-siena-dop-fanciulli-oel\/"},"modified":"2025-05-05T10:03:58","modified_gmt":"2025-05-05T08:03:58","slug":"bio-natives-olivenoel-extra-terre-di-siena-dop-fanciulli-oel","status":"publish","type":"product","link":"https:\/\/italiansublimefood.com\/de\/produkt\/bio-natives-olivenoel-extra-terre-di-siena-dop-fanciulli-oel\/","title":{"rendered":"Bio Natives Oliven\u00f6l Extra Terre di Siena DOP &#8211; Fanciulli \u00d6l"},"content":{"rendered":"","protected":false},"excerpt":{"rendered":"<p><strong>Terre di Siena DOP Natives Oliven\u00f6l Extra <\/strong> ist ein <strong>biologisches<\/strong> Produkt aus dem Gebiet von Siena mit einem ausgepr\u00e4gt fruchtigen Geschmack mit w\u00fcrzigen Noten und leichten Ankl\u00e4ngen von Bitterkeit. Es wird aus Oliven verschiedener Sorten gewonnen, die je nach Jahreszeit eine Kombination von Geschmack und Aromen garantieren, die typisch f\u00fcr unser Land sind. OLIVENANBAUKAMPAGNE: 2024\/2025.  <\/p>\n","protected":false},"featured_media":25605,"template":"","meta":[],"product_brand":[],"product_cat":[15],"product_tag":[359],"class_list":{"0":"post-25844","1":"product","2":"type-product","3":"status-publish","4":"has-post-thumbnail","6":"product_cat-salumi-e-carni","7":"product_tag-olio-fanciulli","9":"first","10":"instock","11":"taxable","12":"shipping-taxable","13":"purchasable","14":"product-type-variable"},"_links":{"self":[{"href":"https:\/\/italiansublimefood.com\/de\/wp-json\/wp\/v2\/product\/25844","targetHints":{"allow":["GET"]}}],"collection":[{"href":"https:\/\/italiansublimefood.com\/de\/wp-json\/wp\/v2\/product"}],"about":[{"href":"https:\/\/italiansublimefood.com\/de\/wp-json\/wp\/v2\/types\/product"}],"wp:featuredmedia":[{"embeddable":true,"href":"https:\/\/italiansublimefood.com\/de\/wp-json\/wp\/v2\/media\/25605"}],"wp:attachment":[{"href":"https:\/\/italiansublimefood.com\/de\/wp-json\/wp\/v2\/media?parent=25844"}],"wp:term":[{"taxonomy":"product_brand","embeddable":true,"href":"https:\/\/italiansublimefood.com\/de\/wp-json\/wp\/v2\/product_brand?post=25844"},{"taxonomy":"product_cat","embeddable":true,"href":"https:\/\/italiansublimefood.com\/de\/wp-json\/wp\/v2\/product_cat?post=25844"},{"taxonomy":"product_tag","embeddable":true,"href":"https:\/\/italiansublimefood.com\/de\/wp-json\/wp\/v2\/product_tag?post=25844"}],"curies":[{"name":"wp","href":"https:\/\/api.w.org\/{rel}","templated":true}]}}