{"id":25843,"date":"2025-02-22T17:33:03","date_gmt":"2025-02-22T16:33:03","guid":{"rendered":"https:\/\/italiansublimefood.com\/product\/natives-olivenoel-extra-und-chilipfeffer-olio-fanciulli\/"},"modified":"2025-05-05T10:03:58","modified_gmt":"2025-05-05T08:03:58","slug":"natives-olivenoel-extra-und-chilipfeffer-olio-fanciulli","status":"publish","type":"product","link":"https:\/\/italiansublimefood.com\/de\/produkt\/natives-olivenoel-extra-und-chilipfeffer-olio-fanciulli\/","title":{"rendered":"Natives Oliven\u00f6l extra und Chilipfeffer &#8211; Olio Fanciulli"},"content":{"rendered":"","protected":false},"excerpt":{"rendered":"<p><strong>PIZZICOLIO<\/strong>: hergestellt aus Correggiolo-Oliven und Chilischoten italienischer Sorten. Mit seiner roten Farbe und seinem frischen Pfefferaroma ist er perfekt f\u00fcr alle, die Chilischoten und ihren scharfen Nachgeschmack lieben. Er unterstreicht den Geschmack von H\u00fclsenfr\u00fcchtesuppen, gegrilltem Gem\u00fcse, Nudelgerichten, gegrilltem Fleisch oder Cacciatore. Mutigere Gaumen k\u00f6nnen ihn auch auf Fischsuppen oder sogar auf Pizza probieren.  <\/p>\n","protected":false},"featured_media":25578,"template":"","meta":[],"product_brand":[],"product_cat":[15],"product_tag":[359],"class_list":{"0":"post-25843","1":"product","2":"type-product","3":"status-publish","4":"has-post-thumbnail","6":"product_cat-salumi-e-carni","7":"product_tag-olio-fanciulli","9":"first","10":"instock","11":"taxable","12":"shipping-taxable","13":"purchasable","14":"product-type-variable"},"_links":{"self":[{"href":"https:\/\/italiansublimefood.com\/de\/wp-json\/wp\/v2\/product\/25843","targetHints":{"allow":["GET"]}}],"collection":[{"href":"https:\/\/italiansublimefood.com\/de\/wp-json\/wp\/v2\/product"}],"about":[{"href":"https:\/\/italiansublimefood.com\/de\/wp-json\/wp\/v2\/types\/product"}],"wp:featuredmedia":[{"embeddable":true,"href":"https:\/\/italiansublimefood.com\/de\/wp-json\/wp\/v2\/media\/25578"}],"wp:attachment":[{"href":"https:\/\/italiansublimefood.com\/de\/wp-json\/wp\/v2\/media?parent=25843"}],"wp:term":[{"taxonomy":"product_brand","embeddable":true,"href":"https:\/\/italiansublimefood.com\/de\/wp-json\/wp\/v2\/product_brand?post=25843"},{"taxonomy":"product_cat","embeddable":true,"href":"https:\/\/italiansublimefood.com\/de\/wp-json\/wp\/v2\/product_cat?post=25843"},{"taxonomy":"product_tag","embeddable":true,"href":"https:\/\/italiansublimefood.com\/de\/wp-json\/wp\/v2\/product_tag?post=25843"}],"curies":[{"name":"wp","href":"https:\/\/api.w.org\/{rel}","templated":true}]}}