{"id":25827,"date":"2025-02-22T16:55:27","date_gmt":"2025-02-22T15:55:27","guid":{"rendered":"https:\/\/italiansublimefood.com\/product\/natives-olivenoel-extra-und-knoblauch-olio-fanciulli\/"},"modified":"2025-05-05T10:03:57","modified_gmt":"2025-05-05T08:03:57","slug":"natives-olivenoel-extra-und-knoblauch-olio-fanciulli","status":"publish","type":"product","link":"https:\/\/italiansublimefood.com\/de\/produkt\/natives-olivenoel-extra-und-knoblauch-olio-fanciulli\/","title":{"rendered":"Natives Oliven\u00f6l extra und Knoblauch &#8211; Olio Fanciulli"},"content":{"rendered":"","protected":false},"excerpt":{"rendered":"<p>Agliolio ist ein biologisches natives Oliven\u00f6l extra mit Knoblauchgeschmack, das aus hochwertigen Maurino-Oliven und ausgew\u00e4hltem Knoblauch hergestellt wird. Dieses \u00d6l ist der ideale Begleiter f\u00fcr eine Vielzahl von Gerichten, darunter Fleisch, Bruschetta, Gem\u00fcse, Gem\u00fcsesuppen und gegrillter Fisch. Es eignet sich auch hervorragend zum Verfeinern von einfachen So\u00dfen und Bratenso\u00dfen und verleiht jedem Gericht eine besondere Note. W\u00e4hlen Sie Agliolio, um Ihre Rezepte mit einem Bio-Produkt mit authentischem Geschmack zu verfeinern.   <\/p>\n","protected":false},"featured_media":25536,"template":"","meta":[],"product_brand":[],"product_cat":[15],"product_tag":[359],"class_list":{"0":"post-25827","1":"product","2":"type-product","3":"status-publish","4":"has-post-thumbnail","6":"product_cat-salumi-e-carni","7":"product_tag-olio-fanciulli","9":"first","10":"instock","11":"taxable","12":"shipping-taxable","13":"purchasable","14":"product-type-variable"},"_links":{"self":[{"href":"https:\/\/italiansublimefood.com\/de\/wp-json\/wp\/v2\/product\/25827","targetHints":{"allow":["GET"]}}],"collection":[{"href":"https:\/\/italiansublimefood.com\/de\/wp-json\/wp\/v2\/product"}],"about":[{"href":"https:\/\/italiansublimefood.com\/de\/wp-json\/wp\/v2\/types\/product"}],"wp:featuredmedia":[{"embeddable":true,"href":"https:\/\/italiansublimefood.com\/de\/wp-json\/wp\/v2\/media\/25536"}],"wp:attachment":[{"href":"https:\/\/italiansublimefood.com\/de\/wp-json\/wp\/v2\/media?parent=25827"}],"wp:term":[{"taxonomy":"product_brand","embeddable":true,"href":"https:\/\/italiansublimefood.com\/de\/wp-json\/wp\/v2\/product_brand?post=25827"},{"taxonomy":"product_cat","embeddable":true,"href":"https:\/\/italiansublimefood.com\/de\/wp-json\/wp\/v2\/product_cat?post=25827"},{"taxonomy":"product_tag","embeddable":true,"href":"https:\/\/italiansublimefood.com\/de\/wp-json\/wp\/v2\/product_tag?post=25827"}],"curies":[{"name":"wp","href":"https:\/\/api.w.org\/{rel}","templated":true}]}}