{"id":25813,"date":"2025-02-23T20:00:43","date_gmt":"2025-02-23T19:00:43","guid":{"rendered":"https:\/\/italiansublimefood.com\/product\/acquavite-von-visciola-barricata-50-cl-gianni-le-cantine-del-cardinale\/"},"modified":"2025-05-05T10:03:56","modified_gmt":"2025-05-05T08:03:56","slug":"acquavite-von-visciola-barricata-50-cl-gianni-le-cantine-del-cardinale","status":"publish","type":"product","link":"https:\/\/italiansublimefood.com\/de\/produkt\/acquavite-von-visciola-barricata-50-cl-gianni-le-cantine-del-cardinale\/","title":{"rendered":"ACQUAVITE VON VISCIOLA BARRICATA 50 cl &#8216;GIANNI&#8217; &#8211; Le Cantine del Cardinale"},"content":{"rendered":"","protected":false},"excerpt":{"rendered":"<p>Eine ausgezeichnete Meditations-Spirituose f\u00fcr den Abschluss einer Mahlzeit, mit Noten von Visciola-Stein, begleitet von einem deutlichen Hauch von Kirsche, aufgrund der mehrj\u00e4hrigen Barrique-Lagerung. Passt hervorragend zu dunkler Schokolade. Produktbezeichnung: Gianni&#8217;. Zutaten: Destillierte und im Barrique gelagerte Visciola-R\u00fcckst\u00e4nde und g\u00e4render Wein: Format: 50 cl. Alkoholgehalt: 42% Vol. Serviertemperatur: 13-16\u00b0.     <\/p>\n","protected":false},"featured_media":25781,"template":"","meta":[],"product_brand":[],"product_cat":[15],"product_tag":[],"class_list":{"0":"post-25813","1":"product","2":"type-product","3":"status-publish","4":"has-post-thumbnail","6":"product_cat-salumi-e-carni","8":"first","9":"instock","10":"taxable","11":"shipping-taxable","12":"purchasable","13":"product-type-simple"},"_links":{"self":[{"href":"https:\/\/italiansublimefood.com\/de\/wp-json\/wp\/v2\/product\/25813","targetHints":{"allow":["GET"]}}],"collection":[{"href":"https:\/\/italiansublimefood.com\/de\/wp-json\/wp\/v2\/product"}],"about":[{"href":"https:\/\/italiansublimefood.com\/de\/wp-json\/wp\/v2\/types\/product"}],"wp:featuredmedia":[{"embeddable":true,"href":"https:\/\/italiansublimefood.com\/de\/wp-json\/wp\/v2\/media\/25781"}],"wp:attachment":[{"href":"https:\/\/italiansublimefood.com\/de\/wp-json\/wp\/v2\/media?parent=25813"}],"wp:term":[{"taxonomy":"product_brand","embeddable":true,"href":"https:\/\/italiansublimefood.com\/de\/wp-json\/wp\/v2\/product_brand?post=25813"},{"taxonomy":"product_cat","embeddable":true,"href":"https:\/\/italiansublimefood.com\/de\/wp-json\/wp\/v2\/product_cat?post=25813"},{"taxonomy":"product_tag","embeddable":true,"href":"https:\/\/italiansublimefood.com\/de\/wp-json\/wp\/v2\/product_tag?post=25813"}],"curies":[{"name":"wp","href":"https:\/\/api.w.org\/{rel}","templated":true}]}}