{"id":25084,"date":"2025-01-10T16:36:09","date_gmt":"2025-01-10T15:36:09","guid":{"rendered":"https:\/\/italiansublimefood.com\/product\/capricano-birrificio17\/"},"modified":"2025-05-05T10:03:45","modified_gmt":"2025-05-05T08:03:45","slug":"capricano-birrificio17","status":"publish","type":"product","link":"https:\/\/italiansublimefood.com\/de\/produkt\/capricano-birrificio17\/","title":{"rendered":"Capricano &#8211; BIRRIFICIO17"},"content":{"rendered":"","protected":false},"excerpt":{"rendered":"<p>Der Capricano ist eine lebhafte und freche Hommage an den kultigen Americano, neu interpretiert mit einem &#8216;ignoranten&#8217; und \u00fcberschw\u00e4nglichen Geist. Dieser Cocktail hat einen respektlosen Charakter und ist eine Hommage an unseren Capra, einen Qualit\u00e4ts-Dunkelbock. Gerade die Ziege, das Symbol dieses ungez\u00e4hmten Geistes, spiegelt die Seele dieses Getr\u00e4nks wider: frei, wild und ein bisschen frech. Die mutige Wahl f\u00fcr Freigeister, die sich nicht scheuen, neue Geschmackshorizonte zu erkunden. Machen Sie Ihre eigene Unabh\u00e4ngigkeitserkl\u00e4rung vom Gew\u00f6hnlichen und Vorhersehbaren und lassen Sie sich von der Unwissenheit \u00fcberw\u00e4ltigen! <strong>SERVE WITH: <\/strong>Eis und eine Scheibe dehydrierte Orange. <b>ZUTATEN<\/b>: Wasser, Gerstenmalz, Bitterlik\u00f6r (E110, E124), Hopfen, Hefe    <\/p>\n","protected":false},"featured_media":25049,"template":"","meta":[],"product_brand":[],"product_cat":[15],"product_tag":[],"class_list":{"0":"post-25084","1":"product","2":"type-product","3":"status-publish","4":"has-post-thumbnail","6":"product_cat-salumi-e-carni","8":"first","9":"instock","10":"taxable","11":"shipping-taxable","12":"purchasable","13":"product-type-simple"},"_links":{"self":[{"href":"https:\/\/italiansublimefood.com\/de\/wp-json\/wp\/v2\/product\/25084","targetHints":{"allow":["GET"]}}],"collection":[{"href":"https:\/\/italiansublimefood.com\/de\/wp-json\/wp\/v2\/product"}],"about":[{"href":"https:\/\/italiansublimefood.com\/de\/wp-json\/wp\/v2\/types\/product"}],"wp:featuredmedia":[{"embeddable":true,"href":"https:\/\/italiansublimefood.com\/de\/wp-json\/wp\/v2\/media\/25049"}],"wp:attachment":[{"href":"https:\/\/italiansublimefood.com\/de\/wp-json\/wp\/v2\/media?parent=25084"}],"wp:term":[{"taxonomy":"product_brand","embeddable":true,"href":"https:\/\/italiansublimefood.com\/de\/wp-json\/wp\/v2\/product_brand?post=25084"},{"taxonomy":"product_cat","embeddable":true,"href":"https:\/\/italiansublimefood.com\/de\/wp-json\/wp\/v2\/product_cat?post=25084"},{"taxonomy":"product_tag","embeddable":true,"href":"https:\/\/italiansublimefood.com\/de\/wp-json\/wp\/v2\/product_tag?post=25084"}],"curies":[{"name":"wp","href":"https:\/\/api.w.org\/{rel}","templated":true}]}}