{"id":24553,"date":"2024-06-25T12:08:00","date_gmt":"2024-06-25T10:08:00","guid":{"rendered":"https:\/\/italiansublimefood.com\/product\/toskanischer-d-o-p-rohschinken-salumificio-rabissi-pepi\/"},"modified":"2025-05-05T10:03:45","modified_gmt":"2025-05-05T08:03:45","slug":"toskanischer-d-o-p-rohschinken-salumificio-rabissi-pepi","status":"publish","type":"product","link":"https:\/\/italiansublimefood.com\/de\/produkt\/toskanischer-d-o-p-rohschinken-salumificio-rabissi-pepi\/","title":{"rendered":"TOSKANISCHER D.O.P. ROHSCHINKEN 1,2kg &#8211; SALUMIFICIO RABISSI PEPI"},"content":{"rendered":"","protected":false},"excerpt":{"rendered":"<div class=\"titlebar\">\n<p>&#8211; Produktdetails: <strong>TYP:<\/strong> <strong> Toskanischer Schinken D.O.P. <\/strong> <strong>TYP<\/strong>: <strong> Gew\u00fcrzt D.O.P. <\/strong><strong>GR\u00d6SSE:<\/strong> etwa 10 kg. Absolut nationale Schweinekeule, die im Schlachthof ausgew\u00e4hlt und gebrandmarkt wird, um die Kriterien des TUSCAN HAM CONSORTIUM zu erf\u00fcllen, das 1996 die gesch\u00fctzte Herkunftsbezeichnung (D.O.P.) erhielt. Mindestens 12 Monate gereift und nach einer sorgf\u00e4ltigen Endauswahl gebrandmarkt, ist er der maximale Ausdruck des Aufschnitts, der unsere Tische f\u00fcllt.<br \/>\n35,99\u20ac\/kg<\/p>\n<p>&nbsp;<\/p>\n<\/div>\n","protected":false},"featured_media":18193,"template":"","meta":[],"product_brand":[],"product_cat":[15],"product_tag":[],"class_list":{"0":"post-24553","1":"product","2":"type-product","3":"status-publish","4":"has-post-thumbnail","6":"product_cat-salumi-e-carni","8":"first","9":"instock","10":"taxable","11":"shipping-taxable","12":"purchasable","13":"product-type-simple"},"_links":{"self":[{"href":"https:\/\/italiansublimefood.com\/de\/wp-json\/wp\/v2\/product\/24553","targetHints":{"allow":["GET"]}}],"collection":[{"href":"https:\/\/italiansublimefood.com\/de\/wp-json\/wp\/v2\/product"}],"about":[{"href":"https:\/\/italiansublimefood.com\/de\/wp-json\/wp\/v2\/types\/product"}],"wp:featuredmedia":[{"embeddable":true,"href":"https:\/\/italiansublimefood.com\/de\/wp-json\/wp\/v2\/media\/18193"}],"wp:attachment":[{"href":"https:\/\/italiansublimefood.com\/de\/wp-json\/wp\/v2\/media?parent=24553"}],"wp:term":[{"taxonomy":"product_brand","embeddable":true,"href":"https:\/\/italiansublimefood.com\/de\/wp-json\/wp\/v2\/product_brand?post=24553"},{"taxonomy":"product_cat","embeddable":true,"href":"https:\/\/italiansublimefood.com\/de\/wp-json\/wp\/v2\/product_cat?post=24553"},{"taxonomy":"product_tag","embeddable":true,"href":"https:\/\/italiansublimefood.com\/de\/wp-json\/wp\/v2\/product_tag?post=24553"}],"curies":[{"name":"wp","href":"https:\/\/api.w.org\/{rel}","templated":true}]}}