{"id":24550,"date":"2024-06-25T12:16:22","date_gmt":"2024-06-25T10:16:22","guid":{"rendered":"https:\/\/italiansublimefood.com\/product\/finocchiona-i-g-p-salumificio-rabissi-pepi\/"},"modified":"2025-05-05T10:03:45","modified_gmt":"2025-05-05T08:03:45","slug":"finocchiona-i-g-p-salumificio-rabissi-pepi","status":"publish","type":"product","link":"https:\/\/italiansublimefood.com\/de\/produkt\/finocchiona-i-g-p-salumificio-rabissi-pepi\/","title":{"rendered":"FINOCCHIONA I.G.P. &#8211; SALUMIFICIO RABISSI PEPI"},"content":{"rendered":"","protected":false},"excerpt":{"rendered":"<div class=\"titlebar\">\n<p>&#8211; Produktdetail: <strong>TYP:<\/strong> <strong> Finocchiona IGP . <\/strong><strong>GR\u00d6SSE:<\/strong> von 2,5 kg bis ca. 4 kg. Finocchiona, ein hervorragendes toskanisches Lebensmittel, hat in der EU eine neue gesch\u00fctzte geografische Angabe erhalten. Sie wird nun in das europ\u00e4ische Register f\u00fcr g.U. und g.g.A. eingetragen und gegen F\u00e4lschungen und Nachahmungen gesch\u00fctzt. Hergestellt aus 50% magerem Schweinefleisch (Schweineschulter) und 50% \u00fcberwiegend fettem, grob gehacktem Fleisch. Der Duft der wilden Fenchelsamen verleiht ihm einen sehr starken Endgeschmack, der ihn zu einem der am h\u00e4ufigsten verwendeten Aufschnitt in gemischten Vorspeisen macht. Er wird in nat\u00fcrlichen Rinderdarm gef\u00fcllt und mindestens 40 Tage lang gereift.<\/p>\n<\/div>\n","protected":false},"featured_media":18215,"template":"","meta":[],"product_brand":[],"product_cat":[15],"product_tag":[279],"class_list":{"0":"post-24550","1":"product","2":"type-product","3":"status-publish","4":"has-post-thumbnail","6":"product_cat-salumi-e-carni","7":"product_tag-salumificio-rabissi","9":"first","10":"instock","11":"taxable","12":"shipping-taxable","13":"purchasable","14":"product-type-simple"},"_links":{"self":[{"href":"https:\/\/italiansublimefood.com\/de\/wp-json\/wp\/v2\/product\/24550","targetHints":{"allow":["GET"]}}],"collection":[{"href":"https:\/\/italiansublimefood.com\/de\/wp-json\/wp\/v2\/product"}],"about":[{"href":"https:\/\/italiansublimefood.com\/de\/wp-json\/wp\/v2\/types\/product"}],"wp:featuredmedia":[{"embeddable":true,"href":"https:\/\/italiansublimefood.com\/de\/wp-json\/wp\/v2\/media\/18215"}],"wp:attachment":[{"href":"https:\/\/italiansublimefood.com\/de\/wp-json\/wp\/v2\/media?parent=24550"}],"wp:term":[{"taxonomy":"product_brand","embeddable":true,"href":"https:\/\/italiansublimefood.com\/de\/wp-json\/wp\/v2\/product_brand?post=24550"},{"taxonomy":"product_cat","embeddable":true,"href":"https:\/\/italiansublimefood.com\/de\/wp-json\/wp\/v2\/product_cat?post=24550"},{"taxonomy":"product_tag","embeddable":true,"href":"https:\/\/italiansublimefood.com\/de\/wp-json\/wp\/v2\/product_tag?post=24550"}],"curies":[{"name":"wp","href":"https:\/\/api.w.org\/{rel}","templated":true}]}}