{"id":24547,"date":"2024-06-25T12:13:04","date_gmt":"2024-06-25T10:13:04","guid":{"rendered":"https:\/\/italiansublimefood.com\/product\/gepoekelte-lende-salumificio-rabissi-pepi\/"},"modified":"2025-05-05T10:03:44","modified_gmt":"2025-05-05T08:03:44","slug":"gepoekelte-lende-salumificio-rabissi-pepi","status":"publish","type":"product","link":"https:\/\/italiansublimefood.com\/de\/produkt\/gepoekelte-lende-salumificio-rabissi-pepi\/","title":{"rendered":"GEP\u00d6KELTE LENDE &#8211; SALUMIFICIO RABISSI PEPI"},"content":{"rendered":"","protected":false},"excerpt":{"rendered":"<div class=\"titlebar\">\n<p>&#8211; Produktdetails: Schweinelende, die einige Tage lang gesalzen und dann gew\u00fcrzt wird, bevor sie gep\u00f6kelt wird. Es sind vor allem die wilden Fenchelsamen und der Pfeffer, die ihm einen sehr angenehmen Endgeschmack verleihen. Dieses Produkt ist aufgrund seines geringen Fettgehalts ideal f\u00fcr kalorienarme Di\u00e4ten geeignet. Hervorragend serviert mit Rucola und Grana-K\u00e4se.<\/p>\n<\/div>\n<p><img fetchpriority=\"high\" decoding=\"async\" class=\"alignnone size-medium wp-image-18197\" src=\"https:\/\/italiansublimefood.com\/wp-content\/uploads\/2024\/06\/salumificiorabissipepi_02-300x265.jpg\" alt=\"\" width=\"300\" height=\"265\" srcset=\"https:\/\/italiansublimefood.com\/wp-content\/uploads\/2024\/06\/salumificiorabissipepi_02-300x265.jpg 300w, https:\/\/italiansublimefood.com\/wp-content\/uploads\/2024\/06\/salumificiorabissipepi_02-600x530.jpg 600w, https:\/\/italiansublimefood.com\/wp-content\/uploads\/2024\/06\/salumificiorabissipepi_02.jpg 679w\" sizes=\"(max-width: 300px) 100vw, 300px\" \/><\/p>\n","protected":false},"featured_media":25244,"template":"","meta":[],"product_brand":[],"product_cat":[15],"product_tag":[279],"class_list":{"0":"post-24547","1":"product","2":"type-product","3":"status-publish","4":"has-post-thumbnail","6":"product_cat-salumi-e-carni","7":"product_tag-salumificio-rabissi","9":"first","10":"instock","11":"taxable","12":"shipping-taxable","13":"purchasable","14":"product-type-variable"},"_links":{"self":[{"href":"https:\/\/italiansublimefood.com\/de\/wp-json\/wp\/v2\/product\/24547","targetHints":{"allow":["GET"]}}],"collection":[{"href":"https:\/\/italiansublimefood.com\/de\/wp-json\/wp\/v2\/product"}],"about":[{"href":"https:\/\/italiansublimefood.com\/de\/wp-json\/wp\/v2\/types\/product"}],"wp:featuredmedia":[{"embeddable":true,"href":"https:\/\/italiansublimefood.com\/de\/wp-json\/wp\/v2\/media\/25244"}],"wp:attachment":[{"href":"https:\/\/italiansublimefood.com\/de\/wp-json\/wp\/v2\/media?parent=24547"}],"wp:term":[{"taxonomy":"product_brand","embeddable":true,"href":"https:\/\/italiansublimefood.com\/de\/wp-json\/wp\/v2\/product_brand?post=24547"},{"taxonomy":"product_cat","embeddable":true,"href":"https:\/\/italiansublimefood.com\/de\/wp-json\/wp\/v2\/product_cat?post=24547"},{"taxonomy":"product_tag","embeddable":true,"href":"https:\/\/italiansublimefood.com\/de\/wp-json\/wp\/v2\/product_tag?post=24547"}],"curies":[{"name":"wp","href":"https:\/\/api.w.org\/{rel}","templated":true}]}}