{"id":24535,"date":"2024-04-19T15:43:16","date_gmt":"2024-04-19T13:43:16","guid":{"rendered":"https:\/\/italiansublimefood.com\/product\/nudeln-penne-saluzzi-bauernhof\/"},"modified":"2025-05-05T10:03:44","modified_gmt":"2025-05-05T08:03:44","slug":"nudeln-penne-azienda-agricola-saluzzi","status":"publish","type":"product","link":"https:\/\/italiansublimefood.com\/de\/produkt\/nudeln-penne-azienda-agricola-saluzzi\/","title":{"rendered":"Nudeln &#8211; Penne &#8211; Azienda agricola Saluzzi"},"content":{"rendered":"","protected":false},"excerpt":{"rendered":"<p>-100 % italienische Hartweizengrie\u00dfnudeln. <strong>Aus Bronze gezogen<\/strong> und langsam bei niedriger Temperatur getrocknet. Packung mit 500 g.Azienda Agricola Saluzzi Um die Arbeit hinter der Pasta zu verstehen, muss man ihre gesamte Produktion verfolgen. Eine wirklich faszinierende Produktion, die jedes Jahr anders ist und deren Lieferkette eine 100% lukanische Pasta garantiert, die in einem Umkreis von 10 km vom Unternehmen hergestellt und verarbeitet wird. Sie beginnt mit dem Pfl\u00fcgen im August und wird im Juli geerntet. Sobald der Weizen fertig ist, wird er gedroschen und zu den Lagersilos transportiert, bevor er in der M\u00fchle sorgf\u00e4ltig verarbeitet wird. Der Grie\u00df ist dann bereit f\u00fcr die Verarbeitung in der Nudelfabrik. Der Zyklus umfasst das Kneten und das Durchlaufen der Bronzematrize, wodurch die Pasta nicht nur ihre idealen Rauhigkeitseigenschaften erh\u00e4lt, sondern auch ihren Geschmack verbessert und homogen wird. Danach folgt die Trocknung bei 40 \u00b0C, die je nach Form zwischen 14 und 34 Stunden dauert. Durch die langsame Trocknung bei niedriger Temperatur bleiben die organoleptischen Eigenschaften des Grie\u00dfes erhalten und die besonderen Merkmale des Endprodukts werden hervorgehoben. &#8211;<strong>Gr\u00f6\u00dfe:<\/strong> 500 g Packung. <strong>Zubereitungszeit:<\/strong> Zwei Tage. <strong>Zutaten des Etiketts:<\/strong> Hartweizengrie\u00df, Wasser. <strong>Allergene:<\/strong> Weizen. &lt; N <strong>\u00e4hrwerte pro 100 g:<\/strong> Energie 1440 kJ\/340 kcal, Fett 0,73 g (davon ges\u00e4ttigte Fetts\u00e4uren 0,10 g), Kohlenhydrate 71,70 g (davon Zucker 2,4 g), Ballaststoffe 1,9 g Eiwei\u00df 12,92 g, Salz 0,1. g. <strong>Kochzeit:<\/strong> 9-11 Minuten. <strong>Aufbewahrung:<\/strong> K\u00fchl, trocken und nicht in der Sonne aufbewahren. <strong>Vorschl\u00e4ge<\/strong> zum W\u00fcrzen <strong>:<\/strong> Zu So\u00dfen aller Art, aber auch einfach nur zu einer guten frischen Tomatenso\u00dfe oder zu Gem\u00fcse der Saison, um die Vorz\u00fcge der Pasta hervorzuheben. <strong>Region:<\/strong> Basilikata.        <\/p>\n","protected":false},"featured_media":21713,"template":"","meta":[],"product_brand":[],"product_cat":[15],"product_tag":[250],"class_list":{"0":"post-24535","1":"product","2":"type-product","3":"status-publish","4":"has-post-thumbnail","6":"product_cat-salumi-e-carni","7":"product_tag-azienda-agricola-saluzzi","9":"first","10":"instock","11":"taxable","12":"shipping-taxable","13":"purchasable","14":"product-type-simple"},"_links":{"self":[{"href":"https:\/\/italiansublimefood.com\/de\/wp-json\/wp\/v2\/product\/24535","targetHints":{"allow":["GET"]}}],"collection":[{"href":"https:\/\/italiansublimefood.com\/de\/wp-json\/wp\/v2\/product"}],"about":[{"href":"https:\/\/italiansublimefood.com\/de\/wp-json\/wp\/v2\/types\/product"}],"wp:featuredmedia":[{"embeddable":true,"href":"https:\/\/italiansublimefood.com\/de\/wp-json\/wp\/v2\/media\/21713"}],"wp:attachment":[{"href":"https:\/\/italiansublimefood.com\/de\/wp-json\/wp\/v2\/media?parent=24535"}],"wp:term":[{"taxonomy":"product_brand","embeddable":true,"href":"https:\/\/italiansublimefood.com\/de\/wp-json\/wp\/v2\/product_brand?post=24535"},{"taxonomy":"product_cat","embeddable":true,"href":"https:\/\/italiansublimefood.com\/de\/wp-json\/wp\/v2\/product_cat?post=24535"},{"taxonomy":"product_tag","embeddable":true,"href":"https:\/\/italiansublimefood.com\/de\/wp-json\/wp\/v2\/product_tag?post=24535"}],"curies":[{"name":"wp","href":"https:\/\/api.w.org\/{rel}","templated":true}]}}