{"id":24528,"date":"2024-04-19T15:28:31","date_gmt":"2024-04-19T13:28:31","guid":{"rendered":"https:\/\/italiansublimefood.com\/product\/knoblauchoel-saluzzi-farm\/"},"modified":"2025-05-05T10:03:44","modified_gmt":"2025-05-05T08:03:44","slug":"knoblauchoel-azienda-agricola-saluzzi","status":"publish","type":"product","link":"https:\/\/italiansublimefood.com\/de\/produkt\/knoblauchoel-azienda-agricola-saluzzi\/","title":{"rendered":"Knoblauch\u00f6l &#8211; Azienda agricola Saluzzi"},"content":{"rendered":"","protected":false},"excerpt":{"rendered":"<p><strong>-Knoblauch EVO-\u00d6l. <\/strong> <strong>Natives Oliven\u00f6l extra<\/strong> mit<strong>Knoblauchgeschmack <\/strong> <strong>(99%)<\/strong><strong>, <\/strong>probieren Sie es auf <strong>Steinbutt mit Salz<\/strong>! <strong>Olio lucano<\/strong> <strong>I.G.P. <\/strong>250 ml Flasche.Azienda Agricola Saluzzi Die aromatisierten \u00d6le von werden mit nativem Oliven\u00f6l extra von au\u00dfergew\u00f6hnlicher Qualit\u00e4t hergestellt, ein Familienbetrieb, der vom Vater an den Sohn weitergegeben wird, so entstand das Olio EVO mit Knoblauchgeschmack. Traditionelle Olivenbauern, die traditionelle und nat\u00fcrliche Verarbeitungsmethoden anwenden, um Produkte mit einem hohen organoleptischen Profil zu erhalten, pressen die Oliven tats\u00e4chlich mit Steinm\u00fchlen. So bleiben alle organoleptischen Eigenschaften und wertvollen Substanzen mit unbestrittenen positiven Eigenschaften f\u00fcr unsere Gesundheit, wie Polyphenole, einfach unges\u00e4ttigte Fetts\u00e4uren und Vitamin E, erhalten. Natives Oliven\u00f6l extra mit Knoblauchgeschmack ist ein ohnehin schon aromatisches \u00d6l, dem verschiedene nat\u00fcrliche Aromen aus dem eigenen Gebiet hinzugef\u00fcgt wurden. Wir sind in den unber\u00fchrten H\u00fcgeln der Basilikata reich an Essenzen und Kr\u00e4utern, die allesamt dazu beitragen, es zu einem noch spezielleren und vielseitigeren W\u00fcrzmittel zu machen, das Ihren Rezepten eine unverwechselbare Note verleiht. Natives Oliven\u00f6l extra mit Knoblauchgeschmack ist ein kleiner Gourmetgenuss. Es kann zu Bruschetta, Pasta und Tomatenso\u00dfe gereicht werden. Es schmeckt hervorragend zu Bratkartoffeln, Fisch und Salaten und passt hervorragend zu Omeletts. Die Auswahl an Aromen ist riesig und befriedigt alle Geschm\u00e4cker: Tr\u00fcffel\u00f6l, Fenchel\u00f6l, Zitronen\u00f6l, Oregano\u00f6l, Chili-\u00d6l, Rosmarin\u00f6l. Jedes \u00d6l verleiht Ihnen intensive D\u00fcfte und Aromen. W\u00e4hlen Sie einfach Ihr Lieblings\u00f6l aus oder probieren Sie sie alle aus, warum nicht! &#8211; <strong>Format<\/strong>: 250 ml Flasche. <strong>Zubereitungszeit:<\/strong> Zwei Tage. Sorte <strong>: <\/strong>Lokale Sorten (Ogliarola del Bradano und Cima di Melfi) in Verbindung mit landesweit bekannten Sorten wie dem toskanischen Leccino, Frantoio, Coratina und Peranzana. <strong>Durchschnittliche N\u00e4hrwerte pro 100 ml:<\/strong> Energie 3389 kJ\/824 kcal, Fett 92g (davon ges\u00e4ttigte Fetts\u00e4uren 14g), Ballaststoffe 0g, Kohlenhydrate 0g (davon Zucker 0g), Eiwei\u00df 0g, Salz 0g. <strong>Aufbewahrung:<\/strong> K\u00fchl, trocken, vor Hitze und Licht gesch\u00fctzt aufbewahren <strong>Empfohlene Kombinationen:<\/strong> Hervorragend geeignet zum Kochen, um jedem Rezept eine besondere Note zu verleihen, und roh, um den Geschmack jedes Gerichts zu verbessern; zur Steigerung der Kreativit\u00e4t jedes Kochs, ob Experte oder Anf\u00e4nger. <strong>Zertifizierungen:<\/strong> Olio lucano I.G.P. <strong>Region:<\/strong> Basilikata.        <\/p>\n<p>&nbsp;<\/p>\n","protected":false},"featured_media":21746,"template":"","meta":[],"product_brand":[],"product_cat":[15],"product_tag":[250],"class_list":{"0":"post-24528","1":"product","2":"type-product","3":"status-publish","4":"has-post-thumbnail","6":"product_cat-salumi-e-carni","7":"product_tag-azienda-agricola-saluzzi","9":"first","10":"instock","11":"taxable","12":"shipping-taxable","13":"purchasable","14":"product-type-simple"},"_links":{"self":[{"href":"https:\/\/italiansublimefood.com\/de\/wp-json\/wp\/v2\/product\/24528","targetHints":{"allow":["GET"]}}],"collection":[{"href":"https:\/\/italiansublimefood.com\/de\/wp-json\/wp\/v2\/product"}],"about":[{"href":"https:\/\/italiansublimefood.com\/de\/wp-json\/wp\/v2\/types\/product"}],"wp:featuredmedia":[{"embeddable":true,"href":"https:\/\/italiansublimefood.com\/de\/wp-json\/wp\/v2\/media\/21746"}],"wp:attachment":[{"href":"https:\/\/italiansublimefood.com\/de\/wp-json\/wp\/v2\/media?parent=24528"}],"wp:term":[{"taxonomy":"product_brand","embeddable":true,"href":"https:\/\/italiansublimefood.com\/de\/wp-json\/wp\/v2\/product_brand?post=24528"},{"taxonomy":"product_cat","embeddable":true,"href":"https:\/\/italiansublimefood.com\/de\/wp-json\/wp\/v2\/product_cat?post=24528"},{"taxonomy":"product_tag","embeddable":true,"href":"https:\/\/italiansublimefood.com\/de\/wp-json\/wp\/v2\/product_tag?post=24528"}],"curies":[{"name":"wp","href":"https:\/\/api.w.org\/{rel}","templated":true}]}}