{"id":24524,"date":"2024-04-19T15:23:46","date_gmt":"2024-04-19T13:23:46","guid":{"rendered":"https:\/\/italiansublimefood.com\/product\/zitronenoel-saluzzi-farm\/"},"modified":"2025-05-05T10:03:44","modified_gmt":"2025-05-05T08:03:44","slug":"zitronenoel-azienda-agricola-saluzzi","status":"publish","type":"product","link":"https:\/\/italiansublimefood.com\/de\/produkt\/zitronenoel-azienda-agricola-saluzzi\/","title":{"rendered":"Zitronen\u00f6l &#8211; Azienda agricola Saluzzi"},"content":{"rendered":"","protected":false},"excerpt":{"rendered":"<p><strong>-EVO-\u00d6l mit Zitronengeschmack. <\/strong> <strong>Natives Oliven\u00f6l extra<\/strong><strong> mit Zitronengeschmack <\/strong> <strong>(99%)<\/strong> mit ausgew\u00e4hlten Zitronen des Unternehmens<strong>. <\/strong>Probieren Sie es auf einem sch\u00f6nen <strong>Meeresfr\u00fcchtesalat! <\/strong>Azienda Agricola Saluzzi O<strong>lio lucano I.G.P. <\/strong>250 ml FlascheDie <strong>aromatisierten \u00d6le<\/strong> von werden aus nativem Oliven\u00f6l extra von au\u00dfergew\u00f6hnlicher Qualit\u00e4t hergestellt, ein Familienbetrieb, der vom Vater an den Sohn weitergegeben wird, so entstand das Native <strong>Oliven\u00f6l <\/strong> extra<strong>mit Zitronengeschmack <\/strong>. Traditionelle<strong>Olivenbauern<\/strong>, die traditionelle und nat\u00fcrliche Verarbeitungsmethoden anwenden, um Produkte mit einem <strong>hohen organoleptischen Profil<\/strong> zu erhalten, pressen die Oliven tats\u00e4chlich mit Steinm\u00fchlen. So bleiben alle organoleptischen Eigenschaften und wertvollen Stoffe mit unbestrittenen positiven Eigenschaften f\u00fcr unsere Gesundheit erhalten, wie <strong>Polyphenole<\/strong>, <strong>einfach unges\u00e4ttigte Fetts\u00e4uren und Vitamin E. <\/strong>Das native Oliven\u00f6l extra mit <strong>Zitronengeschmack<\/strong> ist ein ohnehin schon aromatisches \u00d6l, dem wir verschiedene <strong>nat\u00fcrliche Aromen<\/strong> aus unserem eigenen Gebiet hinzugef\u00fcgt haben. Wir befinden uns in den unber\u00fchrten H\u00fcgeln der Basilikata, die reich an Essenzen und Kr\u00e4utern sind, die allesamt dazu beitragen, es zu einem noch spezielleren und vielseitigeren Gew\u00fcrz zu machen, das Ihren <strong>Rezepten <\/strong>eine unverwechselbare Note verleiht. \u00d6l und Zitrone sind beide traditionelle Zutaten in der italienischen K\u00fcche.   Kombiniert k\u00f6nnen sie <strong>einfachen Rezepten <\/strong>eine besondere Note verleihen <strong>. <\/strong>Sie eignen sich hervorragend als Beilage zu gegrilltem Gem\u00fcse, zum W\u00fcrzen von gegrilltem Fleisch oder Fisch, zu Nudelgerichten und gemischten Salaten. &#8211; <strong>Format<\/strong>: 250 ml Flasche. <strong>Zubereitungszeit:<\/strong> Zwei Tage. <strong>Sorten:<\/strong> Lokale Sorten (Ogliarola del Bradano und Cima di Melfi) in Verbindung mit landesweit bekannten Sorten wie dem toskanischen Leccino, Frantoio, Coratina und Peranzana. <strong>Durchschnittliche N\u00e4hrwerte pro 100 ml:<\/strong> Energie 3389 kJ\/824 kcal, Fett 92g (davon ges\u00e4ttigte Fetts\u00e4uren 14g), Ballaststoffe 0g, Kohlenhydrate 0g (davon Zucker 0g), Eiwei\u00df 0g, Salz 0g. <strong>Lagerung :<\/strong> K\u00fchl, trocken, vor Hitze und Licht gesch\u00fctzt aufbewahren. <strong>Empfohlene Kombinationen :<\/strong> Hervorragend geeignet sowohl zum Kochen, um jedem Rezept eine besondere Note zu verleihen, als auch roh, um jedes Gericht geschmacklich aufzuwerten; um die Kreativit\u00e4t eines jeden Kochs, ob Experte oder Anf\u00e4nger, zu f\u00f6rdern. <strong>Zertifizierungen:<\/strong> Olio lucano I.G.P. <strong>Region:<\/strong> Basilicata.<\/p>\n","protected":false},"featured_media":15808,"template":"","meta":[],"product_brand":[],"product_cat":[15],"product_tag":[250],"class_list":{"0":"post-24524","1":"product","2":"type-product","3":"status-publish","4":"has-post-thumbnail","6":"product_cat-salumi-e-carni","7":"product_tag-azienda-agricola-saluzzi","9":"first","10":"instock","11":"taxable","12":"shipping-taxable","13":"purchasable","14":"product-type-simple"},"_links":{"self":[{"href":"https:\/\/italiansublimefood.com\/de\/wp-json\/wp\/v2\/product\/24524","targetHints":{"allow":["GET"]}}],"collection":[{"href":"https:\/\/italiansublimefood.com\/de\/wp-json\/wp\/v2\/product"}],"about":[{"href":"https:\/\/italiansublimefood.com\/de\/wp-json\/wp\/v2\/types\/product"}],"wp:featuredmedia":[{"embeddable":true,"href":"https:\/\/italiansublimefood.com\/de\/wp-json\/wp\/v2\/media\/15808"}],"wp:attachment":[{"href":"https:\/\/italiansublimefood.com\/de\/wp-json\/wp\/v2\/media?parent=24524"}],"wp:term":[{"taxonomy":"product_brand","embeddable":true,"href":"https:\/\/italiansublimefood.com\/de\/wp-json\/wp\/v2\/product_brand?post=24524"},{"taxonomy":"product_cat","embeddable":true,"href":"https:\/\/italiansublimefood.com\/de\/wp-json\/wp\/v2\/product_cat?post=24524"},{"taxonomy":"product_tag","embeddable":true,"href":"https:\/\/italiansublimefood.com\/de\/wp-json\/wp\/v2\/product_tag?post=24524"}],"curies":[{"name":"wp","href":"https:\/\/api.w.org\/{rel}","templated":true}]}}