{"id":24522,"date":"2024-04-19T15:10:53","date_gmt":"2024-04-19T13:10:53","guid":{"rendered":"https:\/\/italiansublimefood.com\/product\/olio-peperoncino-bauernhof-saluzzi\/"},"modified":"2025-05-05T10:03:44","modified_gmt":"2025-05-05T08:03:44","slug":"chilioel-azienda-agricola-saluzzi","status":"publish","type":"product","link":"https:\/\/italiansublimefood.com\/de\/produkt\/chilioel-azienda-agricola-saluzzi\/","title":{"rendered":"Chili\u00f6l &#8211; Azienda agricola Saluzzi"},"content":{"rendered":"","protected":false},"excerpt":{"rendered":"<p><strong>-Chilipfeffer\u00f6l. <\/strong>Ein Gew\u00fcrz aus nativem Oliven\u00f6l extra (99%), das mit <strong>Chilipfeffer <\/strong>aromatisiert wurde <strong>. <\/strong>Probieren Sie seine feine<strong> Sch\u00e4rfe<\/strong> f\u00fcr perfekte <strong>Spaghetti al pomodoro<\/strong> oder auf Pizza! <strong>Olio lucano<\/strong> I.G.P. 250 ml Flasche.Azienda Agricola Saluzzi Die <strong>aromatisierten<\/strong> \u00d6le von werden mit nativem Oliven\u00f6l extra von au\u00dfergew\u00f6hnlicher Qualit\u00e4t hergestellt, ein Familienbetrieb, der vom Vater an den Sohn weitergegeben wird, so entstand das <strong>Chilipfeffer\u00f6l <\/strong>. Traditionelle<strong>Olivenbauern<\/strong>, die traditionelle und nat\u00fcrliche Verarbeitungsmethoden anwenden, um Produkte mit einem <strong>hohen organoleptischen Profil<\/strong> zu erhalten. Die Oliven werden in der Tat mit Steinm\u00fchlen gepresst.<br \/>\n  Um alle seine organoleptischen Eigenschaften und wertvollen Substanzen mit unbestrittenen positiven Eigenschaften f\u00fcr unsere Gesundheit zu erhalten, wie <strong>Polyphenole<\/strong>, <strong>einfach unges\u00e4ttigte Fetts\u00e4uren und Vitamin E. <\/strong>Natives Oliven\u00f6l extra mit <strong>Chilipfeffer<\/strong> ist ein ohnehin schon aromatisches \u00d6l, dem wir verschiedene <strong>nat\u00fcrliche Aromastoffe<\/strong> aus unserem eigenen Gebiet, den unber\u00fchrten H\u00fcgeln der <strong>Basilikata<\/strong>, hinzugef\u00fcgt haben, die reich an Essenzen und Kr\u00e4utern sind und dazu beitragen, es zu einem noch spezielleren und vielseitigeren W\u00fcrzmittel zu machen, das Ihren <strong>Rezepten <\/strong>eine unverwechselbare Note verleiht <strong>. <\/strong>Dieses <strong>feinw\u00fcrzige<\/strong> \u00d6l kann sowohl als Gew\u00fcrz als auch zum <strong>Marinieren<\/strong> von Fleisch oder Fisch vor dem Grillen verwendet werden. Sein leicht pikanter Geschmack macht es perfekt zum Anrichten von Pasta, Bruschetta, kalter Pasta oder sogar Reissalaten. &#8211; <strong>Gr\u00f6\u00dfe:<\/strong> 250 ml Flasche. <strong>Zubereitungszeit:<\/strong> Zwei Tage. Sorte <strong>:<\/strong> Lokale Sorten (Ogliarola del Bradano und Cima di Melfi) in Verbindung mit landesweit bekannten Sorten wie dem toskanischen Leccino, Frantoio, Coratina und Peranzana. <strong>Durchschnittliche N\u00e4hrwerte pro 100 ml:<\/strong> Energie 3389 kJ\/824 kcal, Fett 92g (davon ges\u00e4ttigte Fetts\u00e4uren 14g), Ballaststoffe 0g, Kohlenhydrate 0g (davon Zucker 0g), Eiwei\u00df 0g, Salz 0g. <strong>Lagerung:<\/strong> K\u00fchl, trocken, vor Hitze und Licht gesch\u00fctzt aufbewahren. <strong>Empfohlene Kombinationen:<\/strong> Hervorragend geeignet sowohl zum Kochen, um jedem Rezept eine besondere Note zu verleihen, als auch roh, um jedes Gericht geschmacklich aufzuwerten; um die Kreativit\u00e4t eines jeden Kochs, ob Experte oder Anf\u00e4nger, zu f\u00f6rdern. <strong>Zertifizierungen:<\/strong> Olio lucano I.G.P. <strong>Region:<\/strong> Basilikata.    <\/p>\n","protected":false},"featured_media":21743,"template":"","meta":[],"product_brand":[],"product_cat":[15],"product_tag":[250],"class_list":{"0":"post-24522","1":"product","2":"type-product","3":"status-publish","4":"has-post-thumbnail","6":"product_cat-salumi-e-carni","7":"product_tag-azienda-agricola-saluzzi","9":"first","10":"instock","11":"taxable","12":"shipping-taxable","13":"purchasable","14":"product-type-simple"},"_links":{"self":[{"href":"https:\/\/italiansublimefood.com\/de\/wp-json\/wp\/v2\/product\/24522","targetHints":{"allow":["GET"]}}],"collection":[{"href":"https:\/\/italiansublimefood.com\/de\/wp-json\/wp\/v2\/product"}],"about":[{"href":"https:\/\/italiansublimefood.com\/de\/wp-json\/wp\/v2\/types\/product"}],"wp:featuredmedia":[{"embeddable":true,"href":"https:\/\/italiansublimefood.com\/de\/wp-json\/wp\/v2\/media\/21743"}],"wp:attachment":[{"href":"https:\/\/italiansublimefood.com\/de\/wp-json\/wp\/v2\/media?parent=24522"}],"wp:term":[{"taxonomy":"product_brand","embeddable":true,"href":"https:\/\/italiansublimefood.com\/de\/wp-json\/wp\/v2\/product_brand?post=24522"},{"taxonomy":"product_cat","embeddable":true,"href":"https:\/\/italiansublimefood.com\/de\/wp-json\/wp\/v2\/product_cat?post=24522"},{"taxonomy":"product_tag","embeddable":true,"href":"https:\/\/italiansublimefood.com\/de\/wp-json\/wp\/v2\/product_tag?post=24522"}],"curies":[{"name":"wp","href":"https:\/\/api.w.org\/{rel}","templated":true}]}}