{"id":24520,"date":"2024-04-19T15:21:28","date_gmt":"2024-04-19T13:21:28","guid":{"rendered":"https:\/\/italiansublimefood.com\/product\/rosmarinoel-saluzzi-farm\/"},"modified":"2025-05-05T10:03:44","modified_gmt":"2025-05-05T08:03:44","slug":"rosmarinoel-azienda-agricola-saluzzi","status":"publish","type":"product","link":"https:\/\/italiansublimefood.com\/de\/produkt\/rosmarinoel-azienda-agricola-saluzzi\/","title":{"rendered":"Rosmarin\u00f6l &#8211; Azienda agricola Saluzzi"},"content":{"rendered":"","protected":false},"excerpt":{"rendered":"<p><strong>EVO-\u00d6l mit Rosmarin-Aroma. <\/strong> <strong>Natives Oliven\u00f6l extra (99%)<\/strong>, aromatisiert mit Rosmarin, perfekt zum Grillen! <strong>Olio lucano<\/strong> I.G.P. 250 ml Flasche.Azienda Agricola Saluzzi Die <strong>aromatisierten<\/strong> \u00d6le von werden aus nativem Oliven\u00f6l extra von au\u00dfergew\u00f6hnlicher Qualit\u00e4t hergestellt, ein Familienbetrieb, der vom Vater an den Sohn weitergegeben wird, und so entstand das <strong>Olio EVO mit Rosmaringeschmack <\/strong>. Traditionelle<strong>Olivenbauern<\/strong>, die traditionelle und nat\u00fcrliche Verarbeitungsmethoden anwenden, um Produkte mit einem<strong> hohen organoleptischen Profil<\/strong> zu erhalten. Die Oliven werden n\u00e4mlich mit Steinm\u00fchlen gepresst, um alle organoleptischen Eigenschaften und wertvollen Substanzen mit unbestrittenen positiven Eigenschaften f\u00fcr unsere Gesundheit, wie Polyphenole, einfach unges\u00e4ttigte Fetts\u00e4uren und <strong>Vitamin E, <\/strong>zu erhalten <strong>. <\/strong>Das native Oliven\u00f6l extra <strong>mit Rosmaringeschmack<\/strong> zeichnet sich durch ein bereits aromatisches \u00d6l aus, dem verschiedene <strong>nat\u00fcrliche Aromen<\/strong> aus der Region zugesetzt wurden. Wir befinden uns in den unber\u00fchrten H\u00fcgeln der Basilikata, die reich an Essenzen und Kr\u00e4utern sind, die allesamt dazu beitragen, es zu einem noch spezielleren und vielseitigeren W\u00fcrzmittel zu machen, das perfekt ist, um Ihren <strong>Rezepten <\/strong>eine unverwechselbare Note zu verleihen <strong>. <\/strong>Das klassisch<strong>gew\u00fcrzte \u00d6l<\/strong> passt gut zu gegrilltem Fleisch, Bratkartoffeln, Lamm und Gem\u00fcse.   <\/p>\n<p><strong>-Format:<\/strong> 250 ml Flasche. <strong>Zubereitungszeit:<\/strong> Zwei Tage. <strong>Sorten:<\/strong> Lokale Sorten (Ogliarola del Bradano und Cima di Melfi) in Verbindung mit landesweit bekannten Sorten wie dem toskanischen Leccino, Frantoio, Coratina und Peranzana. <strong>Durchschnittliche N\u00e4hrwerte pro 100 ml:<\/strong> Energie 3389 kJ\/824 kcal, Fett 92g (davon ges\u00e4ttigte Fetts\u00e4uren 14g), Ballaststoffe 0g, Kohlenhydrate 0g (davon Zucker 0g), Eiwei\u00df 0g, Salz 0g. <strong>Lagerung:<\/strong> K\u00fchl, trocken, vor Hitze und Licht gesch\u00fctzt aufbewahren. <strong>Empfohlene Kombinationen:<\/strong> Hervorragend geeignet sowohl zum Kochen, um jedem Rezept eine besondere Note zu verleihen, als auch roh, um jedes Gericht geschmacklich aufzuwerten; um die Kreativit\u00e4t eines jeden Kochs, ob Experte oder Anf\u00e4nger, zu f\u00f6rdern. <strong>Zertifizierungen:<\/strong> Olio lucano I.G.P. <strong>Region:<\/strong> Basilikata.       <\/p>\n","protected":false},"featured_media":21752,"template":"","meta":[],"product_brand":[],"product_cat":[15],"product_tag":[250],"class_list":{"0":"post-24520","1":"product","2":"type-product","3":"status-publish","4":"has-post-thumbnail","6":"product_cat-salumi-e-carni","7":"product_tag-azienda-agricola-saluzzi","9":"first","10":"instock","11":"taxable","12":"shipping-taxable","13":"purchasable","14":"product-type-simple"},"_links":{"self":[{"href":"https:\/\/italiansublimefood.com\/de\/wp-json\/wp\/v2\/product\/24520","targetHints":{"allow":["GET"]}}],"collection":[{"href":"https:\/\/italiansublimefood.com\/de\/wp-json\/wp\/v2\/product"}],"about":[{"href":"https:\/\/italiansublimefood.com\/de\/wp-json\/wp\/v2\/types\/product"}],"wp:featuredmedia":[{"embeddable":true,"href":"https:\/\/italiansublimefood.com\/de\/wp-json\/wp\/v2\/media\/21752"}],"wp:attachment":[{"href":"https:\/\/italiansublimefood.com\/de\/wp-json\/wp\/v2\/media?parent=24520"}],"wp:term":[{"taxonomy":"product_brand","embeddable":true,"href":"https:\/\/italiansublimefood.com\/de\/wp-json\/wp\/v2\/product_brand?post=24520"},{"taxonomy":"product_cat","embeddable":true,"href":"https:\/\/italiansublimefood.com\/de\/wp-json\/wp\/v2\/product_cat?post=24520"},{"taxonomy":"product_tag","embeddable":true,"href":"https:\/\/italiansublimefood.com\/de\/wp-json\/wp\/v2\/product_tag?post=24520"}],"curies":[{"name":"wp","href":"https:\/\/api.w.org\/{rel}","templated":true}]}}