{"id":24476,"date":"2024-08-02T15:31:38","date_gmt":"2024-08-02T13:31:38","guid":{"rendered":"https:\/\/italiansublimefood.com\/product\/gigli-220g-mulino-val-dorcia\/"},"modified":"2025-05-05T10:03:42","modified_gmt":"2025-05-05T08:03:42","slug":"gigli-220g-mulino-val-dorcia","status":"publish","type":"product","link":"https:\/\/italiansublimefood.com\/de\/produkt\/gigli-220g-mulino-val-dorcia\/","title":{"rendered":"Gigli 220g &#8211; Mulino Val d&#8217;Orcia"},"content":{"rendered":"","protected":false},"excerpt":{"rendered":"<p><strong>-Lilien f\u00fcr 2 (220g). <\/strong>Eine sehr clevere Idee von Amedeo und seinem wertvollen Mitarbeiter Brigel: ein Set Formati in 220g-Dosen, die daf\u00fcr gedacht sind, Reste in der Speisekammer aufzubewahren, als ungew\u00f6hnliches Geschenk und, warum nicht, f\u00fcr den \u00fcppigen t\u00e4glichen Konsum. Hier in der einfachen 220g-Version: wir pr\u00e4sentieren unsere Gigli f\u00fcr zwei. <strong>KURZE REIHE:<\/strong> Durchschnittliche Entfernung zwischen dem Erntefeld und der M\u00fchlenb\u00e4ckerei: 10 km. Haltbarkeitsdauer: 18 Monate.<\/p>\n<div>\n<p><strong>ZUTATEN:<\/strong> Bio-Hartweizengrie\u00df Senatore Cappelli aus Vollkorn, Wasser. <strong>ERN\u00c4HRUNGSWERT<\/strong> (Durchschnitt pro 100 g): Energie 1382kJ\/330 Kcal, Fetts\u00e4uren 2,2, davon ges\u00e4ttigt 0,22 g, Kohlenhydrate 64,8 g, davon Zucker 3,0 g, Ballaststoffe 7,1 g, Eiwei\u00df 13,3 g Salz 0,02g.<\/p>\n<\/div>\n<p>&nbsp;<\/p>\n<div>\n<p>&nbsp;<\/p>\n<\/div>\n","protected":false},"featured_media":24890,"template":"","meta":[],"product_brand":[],"product_cat":[15],"product_tag":[271],"class_list":{"0":"post-24476","1":"product","2":"type-product","3":"status-publish","4":"has-post-thumbnail","6":"product_cat-salumi-e-carni","7":"product_tag-mulino-val-dorcia","9":"first","10":"instock","11":"taxable","12":"shipping-taxable","13":"purchasable","14":"product-type-simple"},"_links":{"self":[{"href":"https:\/\/italiansublimefood.com\/de\/wp-json\/wp\/v2\/product\/24476","targetHints":{"allow":["GET"]}}],"collection":[{"href":"https:\/\/italiansublimefood.com\/de\/wp-json\/wp\/v2\/product"}],"about":[{"href":"https:\/\/italiansublimefood.com\/de\/wp-json\/wp\/v2\/types\/product"}],"wp:featuredmedia":[{"embeddable":true,"href":"https:\/\/italiansublimefood.com\/de\/wp-json\/wp\/v2\/media\/24890"}],"wp:attachment":[{"href":"https:\/\/italiansublimefood.com\/de\/wp-json\/wp\/v2\/media?parent=24476"}],"wp:term":[{"taxonomy":"product_brand","embeddable":true,"href":"https:\/\/italiansublimefood.com\/de\/wp-json\/wp\/v2\/product_brand?post=24476"},{"taxonomy":"product_cat","embeddable":true,"href":"https:\/\/italiansublimefood.com\/de\/wp-json\/wp\/v2\/product_cat?post=24476"},{"taxonomy":"product_tag","embeddable":true,"href":"https:\/\/italiansublimefood.com\/de\/wp-json\/wp\/v2\/product_tag?post=24476"}],"curies":[{"name":"wp","href":"https:\/\/api.w.org\/{rel}","templated":true}]}}