{"id":24473,"date":"2024-08-02T15:31:41","date_gmt":"2024-08-02T13:31:41","guid":{"rendered":"https:\/\/italiansublimefood.com\/product\/tener-weizenhuehnchen-100g-mulino-val-dorcia\/"},"modified":"2025-05-05T10:03:41","modified_gmt":"2025-05-05T08:03:41","slug":"galetten-aus-weichweizen-100g-mulino-val-dorcia","status":"publish","type":"product","link":"https:\/\/italiansublimefood.com\/de\/produkt\/galetten-aus-weichweizen-100g-mulino-val-dorcia\/","title":{"rendered":"Galetten aus Weichweizen 100g &#8211; Mulino Val d&#8217;Orcia"},"content":{"rendered":"","protected":false},"excerpt":{"rendered":"<p><b><\/b>Hergestellt mit unserer antiken Bio-Weizensorte Verna, die wir im Val d&#8217;Orcia, im Herzen der Toskana, anbauen. ZUTATEN<b>: <\/b>Bio-Weichweizen Verna. <b>Durchschnittliche N\u00e4hrwerte pro 100g:<\/b> Energie 1377kJ\/329 Kcal, Fetts\u00e4uren 1,92g, davon ges\u00e4ttigt 0,31g, Kohlenhydrate 68,3g, davon Zucker 0,41g, Ballaststoffe 12,2g, Eiwei\u00df 15,4, Salz 0g.<\/p>\n","protected":false},"featured_media":24896,"template":"","meta":[],"product_brand":[],"product_cat":[15],"product_tag":[271],"class_list":{"0":"post-24473","1":"product","2":"type-product","3":"status-publish","4":"has-post-thumbnail","6":"product_cat-salumi-e-carni","7":"product_tag-mulino-val-dorcia","9":"first","10":"instock","11":"taxable","12":"shipping-taxable","13":"purchasable","14":"product-type-simple"},"_links":{"self":[{"href":"https:\/\/italiansublimefood.com\/de\/wp-json\/wp\/v2\/product\/24473","targetHints":{"allow":["GET"]}}],"collection":[{"href":"https:\/\/italiansublimefood.com\/de\/wp-json\/wp\/v2\/product"}],"about":[{"href":"https:\/\/italiansublimefood.com\/de\/wp-json\/wp\/v2\/types\/product"}],"wp:featuredmedia":[{"embeddable":true,"href":"https:\/\/italiansublimefood.com\/de\/wp-json\/wp\/v2\/media\/24896"}],"wp:attachment":[{"href":"https:\/\/italiansublimefood.com\/de\/wp-json\/wp\/v2\/media?parent=24473"}],"wp:term":[{"taxonomy":"product_brand","embeddable":true,"href":"https:\/\/italiansublimefood.com\/de\/wp-json\/wp\/v2\/product_brand?post=24473"},{"taxonomy":"product_cat","embeddable":true,"href":"https:\/\/italiansublimefood.com\/de\/wp-json\/wp\/v2\/product_cat?post=24473"},{"taxonomy":"product_tag","embeddable":true,"href":"https:\/\/italiansublimefood.com\/de\/wp-json\/wp\/v2\/product_tag?post=24473"}],"curies":[{"name":"wp","href":"https:\/\/api.w.org\/{rel}","templated":true}]}}