{"id":24469,"date":"2024-08-02T15:09:25","date_gmt":"2024-08-02T13:09:25","guid":{"rendered":"https:\/\/italiansublimefood.com\/product\/farro-dicocco-100g-mulino-val-dorcia\/"},"modified":"2025-05-05T10:03:41","modified_gmt":"2025-05-05T08:03:41","slug":"kokosmehl-100g-mulino-val-dorcia","status":"publish","type":"product","link":"https:\/\/italiansublimefood.com\/de\/produkt\/kokosmehl-100g-mulino-val-dorcia\/","title":{"rendered":"Kokosmehl 100g &#8211; Mulino Val d&#8217;Orcia"},"content":{"rendered":"","protected":false},"excerpt":{"rendered":"<p><b><\/b>-Hergestellt mit unserem Bio-Farro Dicocco Senatore Cappelli, den wir im Val d&#8217;Orcia, im Herzen der Toskana, anbauen. ZUTATEN<b>: <\/b>Farro Dicocco. <b>Durchschnittliche N\u00e4hrwerte pro 100g:<\/b> Energie 1653kJ\/390 Kcal, Fetts\u00e4uren 2,9g, davon ges\u00e4ttigt 0,5g, Kohlenhydrate 79g, davon Zucker 2,2g, Ballaststoffe 7g, Eiwei\u00df 11,9, Salz 0g.<\/p>\n","protected":false},"featured_media":24872,"template":"","meta":[],"product_brand":[],"product_cat":[15],"product_tag":[271],"class_list":{"0":"post-24469","1":"product","2":"type-product","3":"status-publish","4":"has-post-thumbnail","6":"product_cat-salumi-e-carni","7":"product_tag-mulino-val-dorcia","9":"first","10":"instock","11":"taxable","12":"shipping-taxable","13":"purchasable","14":"product-type-simple"},"_links":{"self":[{"href":"https:\/\/italiansublimefood.com\/de\/wp-json\/wp\/v2\/product\/24469","targetHints":{"allow":["GET"]}}],"collection":[{"href":"https:\/\/italiansublimefood.com\/de\/wp-json\/wp\/v2\/product"}],"about":[{"href":"https:\/\/italiansublimefood.com\/de\/wp-json\/wp\/v2\/types\/product"}],"wp:featuredmedia":[{"embeddable":true,"href":"https:\/\/italiansublimefood.com\/de\/wp-json\/wp\/v2\/media\/24872"}],"wp:attachment":[{"href":"https:\/\/italiansublimefood.com\/de\/wp-json\/wp\/v2\/media?parent=24469"}],"wp:term":[{"taxonomy":"product_brand","embeddable":true,"href":"https:\/\/italiansublimefood.com\/de\/wp-json\/wp\/v2\/product_brand?post=24469"},{"taxonomy":"product_cat","embeddable":true,"href":"https:\/\/italiansublimefood.com\/de\/wp-json\/wp\/v2\/product_cat?post=24469"},{"taxonomy":"product_tag","embeddable":true,"href":"https:\/\/italiansublimefood.com\/de\/wp-json\/wp\/v2\/product_tag?post=24469"}],"curies":[{"name":"wp","href":"https:\/\/api.w.org\/{rel}","templated":true}]}}