{"id":24466,"date":"2024-08-02T15:09:24","date_gmt":"2024-08-02T13:09:24","guid":{"rendered":"https:\/\/italiansublimefood.com\/product\/monococo-farro-walnuesse-100g-mulino-val-dorcia\/"},"modified":"2025-05-05T10:03:41","modified_gmt":"2025-05-05T08:03:41","slug":"galetten-aus-ein-korn-dinkel-100g-mulino-val-dorcia","status":"publish","type":"product","link":"https:\/\/italiansublimefood.com\/de\/produkt\/galetten-aus-ein-korn-dinkel-100g-mulino-val-dorcia\/","title":{"rendered":"Galetten aus Ein-Korn-Dinkel 100g &#8211; Mulino Val d&#8217;Orcia"},"content":{"rendered":"","protected":false},"excerpt":{"rendered":"<p><b><\/b>Hergestellt aus unserem Bio-Dinkel Senatore Cappelli Monococco, den wir im Val d&#8217;Orcia im Herzen der Toskana anbauen. ZUTATEN<b>: <\/b>Monococco-Dinkel. <b>Durchschnittliche N\u00e4hrwerte pro 100 g:<\/b> Energie 1666 kJ\/393 kcal, Fetts\u00e4uren 3,6 g, davon ges\u00e4ttigt 1,7 g, Kohlenhydrate 78 g, davon Zucker 3,2 g, Ballaststoffe 6,4 g, Eiwei\u00df 12, Salz 0 g.<\/p>\n","protected":false},"featured_media":24866,"template":"","meta":[],"product_brand":[],"product_cat":[15],"product_tag":[271],"class_list":{"0":"post-24466","1":"product","2":"type-product","3":"status-publish","4":"has-post-thumbnail","6":"product_cat-salumi-e-carni","7":"product_tag-mulino-val-dorcia","9":"first","10":"instock","11":"taxable","12":"shipping-taxable","13":"purchasable","14":"product-type-simple"},"_links":{"self":[{"href":"https:\/\/italiansublimefood.com\/de\/wp-json\/wp\/v2\/product\/24466","targetHints":{"allow":["GET"]}}],"collection":[{"href":"https:\/\/italiansublimefood.com\/de\/wp-json\/wp\/v2\/product"}],"about":[{"href":"https:\/\/italiansublimefood.com\/de\/wp-json\/wp\/v2\/types\/product"}],"wp:featuredmedia":[{"embeddable":true,"href":"https:\/\/italiansublimefood.com\/de\/wp-json\/wp\/v2\/media\/24866"}],"wp:attachment":[{"href":"https:\/\/italiansublimefood.com\/de\/wp-json\/wp\/v2\/media?parent=24466"}],"wp:term":[{"taxonomy":"product_brand","embeddable":true,"href":"https:\/\/italiansublimefood.com\/de\/wp-json\/wp\/v2\/product_brand?post=24466"},{"taxonomy":"product_cat","embeddable":true,"href":"https:\/\/italiansublimefood.com\/de\/wp-json\/wp\/v2\/product_cat?post=24466"},{"taxonomy":"product_tag","embeddable":true,"href":"https:\/\/italiansublimefood.com\/de\/wp-json\/wp\/v2\/product_tag?post=24466"}],"curies":[{"name":"wp","href":"https:\/\/api.w.org\/{rel}","templated":true}]}}