{"id":24461,"date":"2024-08-02T15:09:22","date_gmt":"2024-08-02T13:09:22","guid":{"rendered":"https:\/\/italiansublimefood.com\/product\/box-pasta-fuer-zwei-4-x-220-g-mulino-val-dorcia-2\/"},"modified":"2025-05-05T10:03:41","modified_gmt":"2025-05-05T08:03:41","slug":"pasta-box-fuer-2-4-x-220-g-mulino-val-dorcia-2","status":"publish","type":"product","link":"https:\/\/italiansublimefood.com\/de\/produkt\/pasta-box-fuer-2-4-x-220-g-mulino-val-dorcia-2\/","title":{"rendered":"Pasta-Box f\u00fcr 2 &#8211; 4 x 220 g &#8211; Mulino Val d&#8217;Orcia"},"content":{"rendered":"","protected":false},"excerpt":{"rendered":"<p><strong>\u00a0<\/strong><\/p>\n<p>&#8211;<strong>INKLUSIVE:<\/strong> Gigli <strong><strong>f\u00fcr 2 (220g),<\/strong><strong><strong>Conchiglie f\u00fcr 2 (220g),<\/strong><strong><strong>Rigatoni f\u00fcr 2 (220g),<\/strong> Fusilloni<strong><strong>f\u00fcr 2 (220g).<\/strong>Eine sehr clevere Idee von Amedeo, ein Set von Formaten in kleinen 220g-Schachteln, damit Sie Ihre Vorratskammer nicht mit Resten vollstopfen m\u00fcssen, f\u00fcr ein ungew\u00f6hnliches Geschenk und, warum nicht, f\u00fcr eine \u00fcppige t\u00e4gliche Mahlzeit. Hier in der einfachen 220g-Version: wir pr\u00e4sentieren unsere Lilien f\u00fcr zwei.<strong> <strong>KURZE REIHE:<\/strong> Durchschnittliche Entfernung zwischen dem Erntefeld und der M\u00fchlenb\u00e4ckerei: 10 km. Haltbarkeitsdauer: 18 Monate.<\/strong><\/strong><\/strong><\/strong><\/strong><\/p>\n<div>\n<p><strong>ZUTATEN:<\/strong> Bio-Hartweizengrie\u00df Senatore Cappelli aus Vollkorn, Wasser. <strong>ERN\u00c4HRUNGSWERT<\/strong> (Durchschnitt pro 100 g): Energie 1382kJ\/330 Kcal, Fetts\u00e4uren 2,2, davon ges\u00e4ttigt 0,22 g, Kohlenhydrate 64,8 g, davon Zucker 3,0 g, Ballaststoffe 7,1 g, Eiwei\u00df 13,3 g Salz 0,02g.<\/p>\n<\/div>\n<p>&nbsp;<\/p>\n<div>\n<p>&nbsp;<\/p>\n<\/div>\n","protected":false},"featured_media":24854,"template":"","meta":[],"product_brand":[],"product_cat":[15],"product_tag":[271],"class_list":{"0":"post-24461","1":"product","2":"type-product","3":"status-publish","4":"has-post-thumbnail","6":"product_cat-salumi-e-carni","7":"product_tag-mulino-val-dorcia","9":"first","10":"instock","11":"taxable","12":"shipping-taxable","13":"purchasable","14":"product-type-simple"},"_links":{"self":[{"href":"https:\/\/italiansublimefood.com\/de\/wp-json\/wp\/v2\/product\/24461","targetHints":{"allow":["GET"]}}],"collection":[{"href":"https:\/\/italiansublimefood.com\/de\/wp-json\/wp\/v2\/product"}],"about":[{"href":"https:\/\/italiansublimefood.com\/de\/wp-json\/wp\/v2\/types\/product"}],"wp:featuredmedia":[{"embeddable":true,"href":"https:\/\/italiansublimefood.com\/de\/wp-json\/wp\/v2\/media\/24854"}],"wp:attachment":[{"href":"https:\/\/italiansublimefood.com\/de\/wp-json\/wp\/v2\/media?parent=24461"}],"wp:term":[{"taxonomy":"product_brand","embeddable":true,"href":"https:\/\/italiansublimefood.com\/de\/wp-json\/wp\/v2\/product_brand?post=24461"},{"taxonomy":"product_cat","embeddable":true,"href":"https:\/\/italiansublimefood.com\/de\/wp-json\/wp\/v2\/product_cat?post=24461"},{"taxonomy":"product_tag","embeddable":true,"href":"https:\/\/italiansublimefood.com\/de\/wp-json\/wp\/v2\/product_tag?post=24461"}],"curies":[{"name":"wp","href":"https:\/\/api.w.org\/{rel}","templated":true}]}}