{"id":24457,"date":"2024-08-02T15:09:19","date_gmt":"2024-08-02T13:09:19","guid":{"rendered":"https:\/\/italiansublimefood.com\/product\/grossmutters-probierbox-mulino-val-dorcia\/"},"modified":"2025-05-05T10:03:41","modified_gmt":"2025-05-05T08:03:41","slug":"grossmutters-probierbox-mulino-val-dorcia","status":"publish","type":"product","link":"https:\/\/italiansublimefood.com\/de\/produkt\/grossmutters-probierbox-mulino-val-dorcia\/","title":{"rendered":"Gro\u00dfmutters Probierbox &#8211; Mulino Val d&#8217;Orcia"},"content":{"rendered":"","protected":false},"excerpt":{"rendered":"<p>-Grandma&#8217;s Tasting Box enth\u00e4lt: <strong>Zuppa del Mugnaio:<\/strong> Weichweizen &#8220;Verna&#8221;, Gerste und Linsen 350 g, <strong>Zuppa di Palmina:<\/strong> Farro Dicocco, Gerste und Linsen 350 g, <strong>Zuppa di Ame:<\/strong><strong><br \/>\nFarro Monococco, Farro Dicocco, Grano Tenero Verna, Gerste und Linsen 350 g,<\/strong> <strong>Tubetti<\/strong> <strong>Rigati<\/strong> <strong>di Grano Duro Senatore Cappelli<\/strong> 500 g, <strong>Tubetti Rigati<\/strong><strong>di<\/strong> <strong>Farro<\/strong> 500 g,<strong> <strong>Tempestine<\/strong><strong>di Grano Duro Senatore Cappelli<\/strong> 500 g, <strong>Tempestine di Farro<\/strong> 500 g, <strong>Bio-Kichererbsen<\/strong>500 g, <strong>Natives Oliven\u00f6l Extra<\/strong> 250ml.<br \/>\nUnsere Suppen sind ein Bio-Produkt auf der Grundlage von Getreide und H\u00fclsenfr\u00fcchten, die im Val d&#8217;Orcia angebaut werden. Sie m\u00fcssen nicht eingeweicht werden. Die Suppe ist in 20\/25 Minuten fertig und kann mit gemischtem Gem\u00fcse, Pilzen und Gew\u00fcrzen angereichert werden. <strong>KURZE STRECKE:<\/strong> Durchschnittliche Entfernung zwischen dem Erntefeld und der M\u00fchle\/Pastificio: 10 Km.<\/strong><\/p>\n","protected":false},"featured_media":18536,"template":"","meta":[],"product_brand":[],"product_cat":[15],"product_tag":[271],"class_list":{"0":"post-24457","1":"product","2":"type-product","3":"status-publish","4":"has-post-thumbnail","6":"product_cat-salumi-e-carni","7":"product_tag-mulino-val-dorcia","9":"first","10":"instock","11":"taxable","12":"shipping-taxable","13":"purchasable","14":"product-type-simple"},"_links":{"self":[{"href":"https:\/\/italiansublimefood.com\/de\/wp-json\/wp\/v2\/product\/24457","targetHints":{"allow":["GET"]}}],"collection":[{"href":"https:\/\/italiansublimefood.com\/de\/wp-json\/wp\/v2\/product"}],"about":[{"href":"https:\/\/italiansublimefood.com\/de\/wp-json\/wp\/v2\/types\/product"}],"wp:featuredmedia":[{"embeddable":true,"href":"https:\/\/italiansublimefood.com\/de\/wp-json\/wp\/v2\/media\/18536"}],"wp:attachment":[{"href":"https:\/\/italiansublimefood.com\/de\/wp-json\/wp\/v2\/media?parent=24457"}],"wp:term":[{"taxonomy":"product_brand","embeddable":true,"href":"https:\/\/italiansublimefood.com\/de\/wp-json\/wp\/v2\/product_brand?post=24457"},{"taxonomy":"product_cat","embeddable":true,"href":"https:\/\/italiansublimefood.com\/de\/wp-json\/wp\/v2\/product_cat?post=24457"},{"taxonomy":"product_tag","embeddable":true,"href":"https:\/\/italiansublimefood.com\/de\/wp-json\/wp\/v2\/product_tag?post=24457"}],"curies":[{"name":"wp","href":"https:\/\/api.w.org\/{rel}","templated":true}]}}