{"id":24455,"date":"2024-08-02T13:19:16","date_gmt":"2024-08-02T11:19:16","guid":{"rendered":"https:\/\/italiansublimefood.com\/product\/amaro-di-siena-70-cl-du-cose-da-berna\/"},"modified":"2025-05-05T10:03:41","modified_gmt":"2025-05-05T08:03:41","slug":"amaro-di-siena-70-cl-du-cose-da-berna","status":"publish","type":"product","link":"https:\/\/italiansublimefood.com\/de\/produkt\/amaro-di-siena-70-cl-du-cose-da-berna\/","title":{"rendered":"Amaro di Siena 70 cl &#8211; Du Cose da Berna"},"content":{"rendered":"","protected":false},"excerpt":{"rendered":"<div class=\"vc_custom_heading_wrap horiz-line-before\">\n<div class=\"heading-text el-text right-t-left animate_when_almost_visible start_animation\" data-delay=\"200\" data-speed=\"1000\">\n<p class=\"font-141049 fontsize-135863 fontheight-160797 font-weight-200 text-color-119429-color text-uppercase\"><strong>-Rezept<\/strong>: Sorgf\u00e4ltige Auswahl der Zutaten. Frische Fr\u00fcchte und botanische Kr\u00e4uter, die in der Bl\u00fctezeit gepfl\u00fcckt werden, werden wie in der Vergangenheit sorgf\u00e4ltig ausgew\u00e4hlt und verarbeitet: allen voran das Eisenkraut, ein &#8216;magisches&#8217; Kraut mit starken officinalen Eigenschaften, das typisch f\u00fcr das Land von Siena ist. Die Mischung der Zutaten verleiht dem Bitter seine warme, <strong>bernsteinfarbene Farbe<\/strong>, die <strong>Intensit\u00e4t<\/strong> seines Aromas und seinen charakteristischen bitters\u00fc\u00dfen<strong> Geschmack<\/strong>.<\/p>\n<\/div>\n<\/div>\n","protected":false},"featured_media":25407,"template":"","meta":[],"product_brand":[],"product_cat":[15],"product_tag":[],"class_list":{"0":"post-24455","1":"product","2":"type-product","3":"status-publish","4":"has-post-thumbnail","6":"product_cat-salumi-e-carni","8":"first","9":"instock","10":"taxable","11":"shipping-taxable","12":"purchasable","13":"product-type-simple"},"_links":{"self":[{"href":"https:\/\/italiansublimefood.com\/de\/wp-json\/wp\/v2\/product\/24455","targetHints":{"allow":["GET"]}}],"collection":[{"href":"https:\/\/italiansublimefood.com\/de\/wp-json\/wp\/v2\/product"}],"about":[{"href":"https:\/\/italiansublimefood.com\/de\/wp-json\/wp\/v2\/types\/product"}],"wp:featuredmedia":[{"embeddable":true,"href":"https:\/\/italiansublimefood.com\/de\/wp-json\/wp\/v2\/media\/25407"}],"wp:attachment":[{"href":"https:\/\/italiansublimefood.com\/de\/wp-json\/wp\/v2\/media?parent=24455"}],"wp:term":[{"taxonomy":"product_brand","embeddable":true,"href":"https:\/\/italiansublimefood.com\/de\/wp-json\/wp\/v2\/product_brand?post=24455"},{"taxonomy":"product_cat","embeddable":true,"href":"https:\/\/italiansublimefood.com\/de\/wp-json\/wp\/v2\/product_cat?post=24455"},{"taxonomy":"product_tag","embeddable":true,"href":"https:\/\/italiansublimefood.com\/de\/wp-json\/wp\/v2\/product_tag?post=24455"}],"curies":[{"name":"wp","href":"https:\/\/api.w.org\/{rel}","templated":true}]}}