{"id":24448,"date":"2024-08-02T13:05:23","date_gmt":"2024-08-02T11:05:23","guid":{"rendered":"https:\/\/italiansublimefood.com\/product\/amphora-navy-strength-gin-70-cl-ginepraio-gin\/"},"modified":"2025-05-05T10:03:40","modified_gmt":"2025-05-05T08:03:40","slug":"amphora-navy-strength-gin-70-cl-ginepraio-gin","status":"publish","type":"product","link":"https:\/\/italiansublimefood.com\/de\/produkt\/amphora-navy-strength-gin-70-cl-ginepraio-gin\/","title":{"rendered":"AMPHORA NAVY STRENGTH GIN 70 cl &#8211; Ginepraio Gin"},"content":{"rendered":"","protected":false},"excerpt":{"rendered":"<p>Toskanischer Bio-Gin. Hergestellt mit Alkohol aus toskanischem Bio-Weizen und toskanischen Bio-Botanicals. \u00c4therische Pflanzenstoffe wie Wacholder, Koriander, Angelikawurzel, s\u00fc\u00dfe Orangenschalen, italienischer Helichrysum, Zitronenschalen und Hagebuttenbl\u00fcten. Die Geschichte des Gins ist eng mit der Toskana verbunden, denn die britischen Master Gin Distillers haben stets toskanischen Wacholder ausgew\u00e4hlt, der als besonders hochwertig gilt. Ginepraio hat im Italienischen eine doppelte Bedeutung: es bedeutet w\u00f6rtlich \u00fcbersetzt &#8220;Wacholderhain&#8221;, kann aber auch, vor allem in der Toskana, ein Durcheinander, eine komplizierte Situation bedeuten. Die Flasche und das schlichte Etikett erinnern an das Bild eines chirurgischen Tropfens, ein Symbol f\u00fcr den Ursprung des Gins, der von einem holl\u00e4ndischen Arzt in den 1600er Jahren auf der Suche nach einem universellen Heilmittel f\u00fcr verschiedene Krankheiten entwickelt wurde. Dieser Gin ist eine Explosion von Aromen von Wacholder, Wildblumen und gr\u00fcnem Gras. Am Gaumen ist er w\u00fcrzig (Koriander) und balsamisch (Wacholder und Helichrysum), mit einem herzhaften Abgang und einem Hauch von Engelwurz mit einem fast langen Nachgeschmack aufgrund der Reifung in der Amphore.<\/p>\n<p><strong>-Farbe:<\/strong> Transparent, kristallin. <strong>Alkoholgehalt: <\/strong>57%.<\/p>\n","protected":false},"featured_media":18594,"template":"","meta":[],"product_brand":[],"product_cat":[15],"product_tag":[],"class_list":{"0":"post-24448","1":"product","2":"type-product","3":"status-publish","4":"has-post-thumbnail","6":"product_cat-salumi-e-carni","8":"first","9":"instock","10":"taxable","11":"shipping-taxable","12":"purchasable","13":"product-type-simple"},"_links":{"self":[{"href":"https:\/\/italiansublimefood.com\/de\/wp-json\/wp\/v2\/product\/24448","targetHints":{"allow":["GET"]}}],"collection":[{"href":"https:\/\/italiansublimefood.com\/de\/wp-json\/wp\/v2\/product"}],"about":[{"href":"https:\/\/italiansublimefood.com\/de\/wp-json\/wp\/v2\/types\/product"}],"wp:featuredmedia":[{"embeddable":true,"href":"https:\/\/italiansublimefood.com\/de\/wp-json\/wp\/v2\/media\/18594"}],"wp:attachment":[{"href":"https:\/\/italiansublimefood.com\/de\/wp-json\/wp\/v2\/media?parent=24448"}],"wp:term":[{"taxonomy":"product_brand","embeddable":true,"href":"https:\/\/italiansublimefood.com\/de\/wp-json\/wp\/v2\/product_brand?post=24448"},{"taxonomy":"product_cat","embeddable":true,"href":"https:\/\/italiansublimefood.com\/de\/wp-json\/wp\/v2\/product_cat?post=24448"},{"taxonomy":"product_tag","embeddable":true,"href":"https:\/\/italiansublimefood.com\/de\/wp-json\/wp\/v2\/product_tag?post=24448"}],"curies":[{"name":"wp","href":"https:\/\/api.w.org\/{rel}","templated":true}]}}