{"id":24444,"date":"2024-08-02T13:00:03","date_gmt":"2024-08-02T11:00:03","guid":{"rendered":"https:\/\/italiansublimefood.com\/product\/ginepraio-bio-toskanischer-dry-gin-ginepraio-gin\/"},"modified":"2025-05-05T10:03:40","modified_gmt":"2025-05-05T08:03:40","slug":"ginepraio-bio-toskanischer-dry-gin-ginepraio-gin","status":"publish","type":"product","link":"https:\/\/italiansublimefood.com\/de\/produkt\/ginepraio-bio-toskanischer-dry-gin-ginepraio-gin\/","title":{"rendered":"GINEPRAIO BIO TOSKANISCHER DRY GIN &#8211; Ginepraio Gin"},"content":{"rendered":"","protected":false},"excerpt":{"rendered":"<p>Toskanischer Bio-Gin. Hergestellt mit Alkohol aus toskanischem Bio-Weizen und toskanischen Bio-Botanicals. \u00c4therische Pflanzenstoffe wie Wacholder, Koriander, Angelikawurzel, s\u00fc\u00dfe Orangenschalen, italienischer Helichrysum, Zitronenschalen und Hagebuttenbl\u00fcten. Die Geschichte des Gins ist eng mit der Toskana verbunden, denn die britischen Master Gin Distillers haben stets toskanischen Wacholder ausgew\u00e4hlt, der als besonders hochwertig gilt. Ginepraio hat im Italienischen eine doppelte Bedeutung: es bedeutet w\u00f6rtlich \u00fcbersetzt &#8220;Wacholderhain&#8221;, kann aber auch, vor allem in der Toskana, ein Durcheinander, eine komplizierte Situation bedeuten. Die Flasche und das schlichte Etikett erinnern an das Bild eines chirurgischen Tropfens, ein Symbol f\u00fcr den Ursprung des Gins, der von einem holl\u00e4ndischen Arzt in den 1600er Jahren auf der Suche nach einem universellen Heilmittel f\u00fcr verschiedene Krankheiten entwickelt wurde.<\/p>\n<p><strong>-Farbe:<\/strong> Transparent, kristallin. <strong>ALKOHOLST\u00c4RKE<\/strong> 45% vol. <strong>Aromen<\/strong> von Wacholder und Blumen. W\u00fcrzige (Koriander) und balsamische (Wacholder und Helichrysum) Aromen. <\/p>\n","protected":false},"featured_media":18588,"template":"","meta":[],"product_brand":[],"product_cat":[15],"product_tag":[],"class_list":{"0":"post-24444","1":"product","2":"type-product","3":"status-publish","4":"has-post-thumbnail","6":"product_cat-salumi-e-carni","8":"first","9":"instock","10":"taxable","11":"shipping-taxable","12":"purchasable","13":"product-type-simple"},"_links":{"self":[{"href":"https:\/\/italiansublimefood.com\/de\/wp-json\/wp\/v2\/product\/24444","targetHints":{"allow":["GET"]}}],"collection":[{"href":"https:\/\/italiansublimefood.com\/de\/wp-json\/wp\/v2\/product"}],"about":[{"href":"https:\/\/italiansublimefood.com\/de\/wp-json\/wp\/v2\/types\/product"}],"wp:featuredmedia":[{"embeddable":true,"href":"https:\/\/italiansublimefood.com\/de\/wp-json\/wp\/v2\/media\/18588"}],"wp:attachment":[{"href":"https:\/\/italiansublimefood.com\/de\/wp-json\/wp\/v2\/media?parent=24444"}],"wp:term":[{"taxonomy":"product_brand","embeddable":true,"href":"https:\/\/italiansublimefood.com\/de\/wp-json\/wp\/v2\/product_brand?post=24444"},{"taxonomy":"product_cat","embeddable":true,"href":"https:\/\/italiansublimefood.com\/de\/wp-json\/wp\/v2\/product_cat?post=24444"},{"taxonomy":"product_tag","embeddable":true,"href":"https:\/\/italiansublimefood.com\/de\/wp-json\/wp\/v2\/product_tag?post=24444"}],"curies":[{"name":"wp","href":"https:\/\/api.w.org\/{rel}","templated":true}]}}