{"id":24433,"date":"2024-07-17T14:53:44","date_gmt":"2024-07-17T12:53:44","guid":{"rendered":"https:\/\/italiansublimefood.com\/product\/spumante-sussulto-metodo-classico-dosaggio-zero-amici-in-bolla\/"},"modified":"2025-05-05T10:03:40","modified_gmt":"2025-05-05T08:03:40","slug":"spumante-sussulto-metodo-classico-dosaggio-zero-amici-in-bolla","status":"publish","type":"product","link":"https:\/\/italiansublimefood.com\/de\/produkt\/spumante-sussulto-metodo-classico-dosaggio-zero-amici-in-bolla\/","title":{"rendered":"Spumante Sussulto Metodo Classico Dosaggio Zero &#8211; Amici in bolla"},"content":{"rendered":"","protected":false},"excerpt":{"rendered":"<p>&#8211;<span class=\"product__smalltitle\">Au\u00dfergew\u00f6hnlich, weil <\/span>er der Erstgeborene des Hauses ist, sein Vater ist der toskanische Sangiovese, seine Mutter der Pavia Pinot Noir. Er ist ein nomen omen und es gen\u00fcgt, ihn zu trinken, um das zu erkennen. <strong>Weinbereitung: <\/strong>In wei\u00df, durch sanfte und progressive Pressung der Trauben. Die erste G\u00e4rung erfolgt in Edelstahltanks, die zweite in der Flasche f\u00fcr 24 Monate. Nach der Degorgierung bleibt er weitere 3 Monate in der Flasche. <strong>Anl\u00e4sse, die zaubern: <\/strong>Picknick-K\u00f6rbe. Alte Holzst\u00fchle. Wei\u00dfe Tischt\u00fccher. Barfu\u00df im Gras. Baumh\u00e4user. Schaukeln und Purzelb\u00e4ume.<br \/>\n&#8211;<strong>Rebsorte <\/strong>: Sangiovese und Pinot Noir. <strong>Weinlese:<\/strong> Manuell, mit strenger Auswahl der Trauben.<strong> Gaumen:<\/strong> Geradlinig, sauber, frisch, l\u00e4dt sofort zu einem weiteren Schluck ein. Wer ihn probiert, nimmt Beeren, Blumen, Pfirsich, Zitrusfr\u00fcchte, Brot und Honig wahr. <strong>Limitierung:<\/strong> 2.500 Flaschen. <strong>Kategorie:<\/strong> Sekt. <\/p>\n","protected":false},"featured_media":18507,"template":"","meta":[],"product_brand":[],"product_cat":[15],"product_tag":[],"class_list":{"0":"post-24433","1":"product","2":"type-product","3":"status-publish","4":"has-post-thumbnail","6":"product_cat-salumi-e-carni","8":"first","9":"instock","10":"taxable","11":"shipping-taxable","12":"purchasable","13":"product-type-simple"},"_links":{"self":[{"href":"https:\/\/italiansublimefood.com\/de\/wp-json\/wp\/v2\/product\/24433","targetHints":{"allow":["GET"]}}],"collection":[{"href":"https:\/\/italiansublimefood.com\/de\/wp-json\/wp\/v2\/product"}],"about":[{"href":"https:\/\/italiansublimefood.com\/de\/wp-json\/wp\/v2\/types\/product"}],"wp:featuredmedia":[{"embeddable":true,"href":"https:\/\/italiansublimefood.com\/de\/wp-json\/wp\/v2\/media\/18507"}],"wp:attachment":[{"href":"https:\/\/italiansublimefood.com\/de\/wp-json\/wp\/v2\/media?parent=24433"}],"wp:term":[{"taxonomy":"product_brand","embeddable":true,"href":"https:\/\/italiansublimefood.com\/de\/wp-json\/wp\/v2\/product_brand?post=24433"},{"taxonomy":"product_cat","embeddable":true,"href":"https:\/\/italiansublimefood.com\/de\/wp-json\/wp\/v2\/product_cat?post=24433"},{"taxonomy":"product_tag","embeddable":true,"href":"https:\/\/italiansublimefood.com\/de\/wp-json\/wp\/v2\/product_tag?post=24433"}],"curies":[{"name":"wp","href":"https:\/\/api.w.org\/{rel}","templated":true}]}}