{"id":24422,"date":"2024-07-04T11:34:55","date_gmt":"2024-07-04T09:34:55","guid":{"rendered":"https:\/\/italiansublimefood.com\/product\/hummus-il-livio-creme-aus-kichererbsen-oliven-und-kapern-coqufood\/"},"modified":"2025-05-05T10:03:39","modified_gmt":"2025-05-05T08:03:39","slug":"hummus-il-livio-creme-aus-kichererbsen-oliven-und-kapern-coqufood","status":"publish","type":"product","link":"https:\/\/italiansublimefood.com\/de\/produkt\/hummus-il-livio-creme-aus-kichererbsen-oliven-und-kapern-coqufood\/","title":{"rendered":"Hummus &#8216;Il Livio&#8217; &#8211; Creme aus Kichererbsen, Oliven und Kapern &#8211; Coqufood"},"content":{"rendered":"","protected":false},"excerpt":{"rendered":"<p>-Unser &#8216;Il Livio&#8217; Hummus ist eine Explosion des mediterranen Geschmacks. Er wird aus Kichererbsen, Oliven und Kapern hergestellt und ist so lecker und cremig, dass Sie nicht aufh\u00f6ren k\u00f6nnen, ihn mit Crackern, Bruschetta oder Taralli zu essen. <strong>Kategorie:<\/strong> Hummus. Hummus &#8216;Il Livio&#8217; ist ein gesundes und nat\u00fcrliches Produkt, frei von Konservierungsstoffen und k\u00fcnstlichen Farbstoffen. <strong>Geschmack:<\/strong> Eine perfekte Harmonie zwischen der Zartheit der Kichererbsen und der Intensit\u00e4t der Oliven und Kapern, mit einem Hauch von Frische durch die Zitrone und einer Note von Tiefe durch die Tahina.<strong> Farbe:<\/strong> Eine zarte Farbe, hinter der sich ein umh\u00fcllender Geschmack verbirgt, der ein unvergessliches sensorisches Erlebnis schafft. <strong>Verwendung:<\/strong> Ideal als Aperitif, als Aufstrich auf knusprigen Croutons oder zu frischem Gem\u00fcse. Auch perfekt als Dip f\u00fcr Pinzimonio, als Salatdressing oder zum Verfeinern von Fleisch- und Fischgerichten. <strong>Aufbewahrung:<\/strong> K\u00fchl und trocken lagern.    Nach dem \u00d6ffnen im K\u00fchlschrank bei +4\u00b0C aufbewahren und innerhalb weniger Tage verbrauchen. Vorschl\u00e4ge: <strong>Gourmet-Aperitif:<\/strong> Servieren Sie &#8216;Il Livio&#8217; Hummus mit einer Auswahl an Oliven, sonnengetrockneten Tomaten und hausgemachten Brotcroutons.  <strong>Mediterraner Salat:<\/strong> Geben Sie &#8216;Il Livio&#8217; Hummus zu einem Salat aus Tomaten, Gurken, Feta und schwarzen Oliven, um ihn cremiger und schmackhafter zu machen.  <strong>Ein-Gericht-Mahlzeit:<\/strong> Kombinieren Sie &#8216;Il Livio&#8217; Hummus mit Falafel, Fladenbrot und gegrilltem Gem\u00fcse f\u00fcr eine komplette und s\u00e4ttigende Mahlzeit.  <strong>Dip:<\/strong> Mischen Sie &#8216;Il Livio&#8217; Hummus mit etwas griechischem Joghurt und nativem Oliven\u00f6l extra f\u00fcr einen frischen und leckeren Dip.  <strong>Kalte Pasta:<\/strong> W\u00fcrzen Sie Ihre Lieblingspasta mit ein paar L\u00f6ffeln &#8216;Il Livio&#8217; Hummus und frischen Kirschtomaten f\u00fcr einen leichten, sommerlichen ersten Gang.  <strong>F\u00fcllung f\u00fcr Sandwiches und Piadinas:<\/strong> Streichen Sie &#8216;Il Livio&#8217; Hummus auf frisches Brot oder Piadinas und f\u00fcgen Sie gegrilltes Gem\u00fcse, K\u00e4se oder Fleischscheiben f\u00fcr ein schnelles und leckeres Mittagessen hinzu.<\/p>\n<p>&#8211; <strong>Zutaten:<\/strong> Kichererbsen 61,50%, Oliven 10,35%, Wasser, Salz, S\u00e4ureregulator: Zitronens\u00e4ure, Sonnenblumen\u00f6l, Zitronensaft, Thaina (Samen von *<em><strong>Sesamsamen<\/strong><\/em>), Kapern, Weinessig (Sulfite), Salz 3,45%. <em><strong>*Allergene. <\/strong><\/em>Ohne Konservierungsstoffe. <strong>Durchschnittswerte pro 100g Produkt: <\/strong>Energie: 201,27 Kcal \/ 842,53 kj. Fette: 15,21 g, davon ges\u00e4ttigte Fetts\u00e4uren: 1,41 g. Kohlenhydrate: 10,80 g. davon Zucker: 0,59 g. Ballaststoffe: 3,84 g. Eiwei\u00df: 5,12 g. Salz: 1,63 g. <strong>Weitere Informationen:<\/strong> <strong>Gewicht:<\/strong>0,250 kg. <strong>Abmessungen:<\/strong> 6,5 \u00d7 6,5 \u00d7 8,5 cm. <strong>Nettogewicht:<\/strong> 190 g.       <\/p>\n","protected":false},"featured_media":18386,"template":"","meta":[],"product_brand":[],"product_cat":[15],"product_tag":[259],"class_list":{"0":"post-24422","1":"product","2":"type-product","3":"status-publish","4":"has-post-thumbnail","6":"product_cat-salumi-e-carni","7":"product_tag-coqu-food","9":"first","10":"instock","11":"taxable","12":"shipping-taxable","13":"purchasable","14":"product-type-simple"},"_links":{"self":[{"href":"https:\/\/italiansublimefood.com\/de\/wp-json\/wp\/v2\/product\/24422","targetHints":{"allow":["GET"]}}],"collection":[{"href":"https:\/\/italiansublimefood.com\/de\/wp-json\/wp\/v2\/product"}],"about":[{"href":"https:\/\/italiansublimefood.com\/de\/wp-json\/wp\/v2\/types\/product"}],"wp:featuredmedia":[{"embeddable":true,"href":"https:\/\/italiansublimefood.com\/de\/wp-json\/wp\/v2\/media\/18386"}],"wp:attachment":[{"href":"https:\/\/italiansublimefood.com\/de\/wp-json\/wp\/v2\/media?parent=24422"}],"wp:term":[{"taxonomy":"product_brand","embeddable":true,"href":"https:\/\/italiansublimefood.com\/de\/wp-json\/wp\/v2\/product_brand?post=24422"},{"taxonomy":"product_cat","embeddable":true,"href":"https:\/\/italiansublimefood.com\/de\/wp-json\/wp\/v2\/product_cat?post=24422"},{"taxonomy":"product_tag","embeddable":true,"href":"https:\/\/italiansublimefood.com\/de\/wp-json\/wp\/v2\/product_tag?post=24422"}],"curies":[{"name":"wp","href":"https:\/\/api.w.org\/{rel}","templated":true}]}}