{"id":24417,"date":"2024-07-04T11:32:22","date_gmt":"2024-07-04T09:32:22","guid":{"rendered":"https:\/\/italiansublimefood.com\/product\/hummus-der-gigio-kichererbsencreme-coqufood\/"},"modified":"2025-05-05T10:03:39","modified_gmt":"2025-05-05T08:03:39","slug":"hummus-der-gigio-kichererbsencreme-coqufood","status":"publish","type":"product","link":"https:\/\/italiansublimefood.com\/de\/produkt\/hummus-der-gigio-kichererbsencreme-coqufood\/","title":{"rendered":"Hummus &#8216;Der Gigio&#8217; &#8211; Kichererbsencreme &#8211; Coqufood"},"content":{"rendered":"","protected":false},"excerpt":{"rendered":"<p>-Hummus &#8216;Il Gigio&#8217; Kichererbsencreme ist eine Hommage an die kulinarische Tradition des Nahen Ostens. Eine cremige und schmackhafte Kichererbsencreme, hergestellt aus einfachen und echten, hochwertigen Zutaten f\u00fcr einen authentischen und zeitlosen Geschmack.<strong> Kategorie:<\/strong> Hummus Hummus &#8216;Il Gigio&#8217; ist ein gesundes und nat\u00fcrliches Produkt, frei von Konservierungsstoffen und k\u00fcnstlichen Farbstoffen. <strong>Geschmack:<\/strong> Der klassische Geschmack von Hummus, mit Noten von ger\u00f6steten Kichererbsen und einem Abgang von frischer Zitrone. <strong>Farbe:<\/strong> Ein intensives, einheitliches Strohgelb. <strong>Verwendung:<\/strong> Perfekt als Beilage zu rohem Gem\u00fcse, Fladenbrot oder Crackern, aber auch zur Bereicherung von Salaten, Sandwiches und Wraps. <strong>Aufbewahrung:<\/strong> K\u00fchl und trocken lagern.   Nach dem \u00d6ffnen im K\u00fchlschrank bei +4\u00b0C aufbewahren und innerhalb weniger Tage verbrauchen.  <strong>Tipps:<\/strong> <span data-contrast=\"auto\">F\u00fcr einen leckeren Aperitif servieren Sie Hummus mit in Stifte geschnittenem Rohkostgem\u00fcse oder mit Brotcroutons,<\/span><span data-contrast=\"auto\"><strong>geben Sie Hummus<\/strong> zu einem Quinoa- oder Venusreissalat f\u00fcr eine zus\u00e4tzliche Geschmacksnote, <\/span><span data-contrast=\"auto\"><strong>verwenden Sie Hummus als Basis<\/strong> f\u00fcr eine Guacamole-Sauce oder eine scharfe Sauce. <\/span><span data-contrast=\"auto\">Unser Hummus ist v\u00f6llig frei von Konservierungsstoffen, damit Sie ein gesundes und nat\u00fcrliches Produkt erhalten.<\/span><strong> Kreativ:<\/strong> &#8216;Il Gigio&#8217; Hummus ist ein vielseitiges Gew\u00fcrz, das sich an verschiedene Gerichte anpasst und einen Hauch von Originalit\u00e4t und Geschmack in Ihre Speisen bringt. <strong>Schmackhaft<\/strong>: <span class=\"TextRun SCXW254118564 BCX8\" lang=\"IT-IT\" data-contrast=\"auto\"><span class=\"NormalTextRun SCXW254118564 BCX8\">Tradition in cremiger Perfektion, Hummus &#8216;Il Gigio&#8217; ist die ideale Wahl f\u00fcr alle, die den authentischen Geschmack von Hummus genie\u00dfen m\u00f6chten, der mit Sorgfalt und Aufmerksamkeit zubereitet wird.<\/span><\/span> <\/p>\n<p><strong>-Zutaten:<\/strong> Kichererbsen 71,35%, Sonnenblumen\u00f6l, Zitronensaft, Tahina (Samen von *<em><strong>Sesamsamen<\/strong><\/em>), Salz. <em><strong>*Allergene. <\/strong><\/em> <strong>Ohne Konservierungsstoffe. Durchschnittswerte pro 100 g Produkt:<\/strong>  Energie: 196,53 Kcal \/ 822,69 kj. Fette: 13,96 g (davon ges\u00e4ttigte Fetts\u00e4uren 1,60 g). Kohlenhydrate 11,79 g (davon Zucker 0,68 g). Ballaststoffe 4,30 g. Eiwei\u00df 5,56 g. Salz 1,68 g. <strong>Gewicht<\/strong> 0,250 kg. <strong>Abmessungen <\/strong>6,5 \u00d7 6,5 \u00d7 8,5 cm. <strong>Nettogewicht <\/strong>190 g.     <\/p>\n","protected":false},"featured_media":18380,"template":"","meta":[],"product_brand":[],"product_cat":[15],"product_tag":[259],"class_list":{"0":"post-24417","1":"product","2":"type-product","3":"status-publish","4":"has-post-thumbnail","6":"product_cat-salumi-e-carni","7":"product_tag-coqu-food","9":"first","10":"instock","11":"taxable","12":"shipping-taxable","13":"purchasable","14":"product-type-simple"},"_links":{"self":[{"href":"https:\/\/italiansublimefood.com\/de\/wp-json\/wp\/v2\/product\/24417","targetHints":{"allow":["GET"]}}],"collection":[{"href":"https:\/\/italiansublimefood.com\/de\/wp-json\/wp\/v2\/product"}],"about":[{"href":"https:\/\/italiansublimefood.com\/de\/wp-json\/wp\/v2\/types\/product"}],"wp:featuredmedia":[{"embeddable":true,"href":"https:\/\/italiansublimefood.com\/de\/wp-json\/wp\/v2\/media\/18380"}],"wp:attachment":[{"href":"https:\/\/italiansublimefood.com\/de\/wp-json\/wp\/v2\/media?parent=24417"}],"wp:term":[{"taxonomy":"product_brand","embeddable":true,"href":"https:\/\/italiansublimefood.com\/de\/wp-json\/wp\/v2\/product_brand?post=24417"},{"taxonomy":"product_cat","embeddable":true,"href":"https:\/\/italiansublimefood.com\/de\/wp-json\/wp\/v2\/product_cat?post=24417"},{"taxonomy":"product_tag","embeddable":true,"href":"https:\/\/italiansublimefood.com\/de\/wp-json\/wp\/v2\/product_tag?post=24417"}],"curies":[{"name":"wp","href":"https:\/\/api.w.org\/{rel}","templated":true}]}}