{"id":24407,"date":"2024-08-10T04:42:59","date_gmt":"2024-08-10T02:42:59","guid":{"rendered":"https:\/\/italiansublimefood.com\/product\/amarena-tradizionale-variegato-3000g-morelloaustera\/"},"modified":"2025-05-05T10:03:38","modified_gmt":"2025-05-05T08:03:38","slug":"traditionelles-amarena-swirl-3000g-morelloaustera","status":"publish","type":"product","link":"https:\/\/italiansublimefood.com\/de\/produkt\/traditionelles-amarena-swirl-3000g-morelloaustera\/","title":{"rendered":"Traditionelles Amarena-Swirl 3000g &#8211; morelloAustera"},"content":{"rendered":"","protected":false},"excerpt":{"rendered":"<p>-Die Visciole oder <strong>Amarene di Cantiano-Kirschen<\/strong> werden haupts\u00e4chlich in Sirup vermarktet. Diese Art der Konservierung ist das Ergebnis einer <strong>rein traditionellen und handwerklichen Verarbeitungspraxis<\/strong>, die sie zu einem Produkt macht, das man<strong>&#8216;au naturel<\/strong>&#8216; genie\u00dfen kann, das sich aber auch hervorragend f\u00fcr Eiscreme, Joghurt oder f\u00fcr die Zubereitung von hausgemachten Kuchen und Desserts eignet.<\/p>\n","protected":false},"featured_media":24837,"template":"","meta":[],"product_brand":[],"product_cat":[15],"product_tag":[270],"class_list":{"0":"post-24407","1":"product","2":"type-product","3":"status-publish","4":"has-post-thumbnail","6":"product_cat-salumi-e-carni","7":"product_tag-morello-austera","9":"first","10":"instock","11":"taxable","12":"shipping-taxable","13":"purchasable","14":"product-type-simple"},"_links":{"self":[{"href":"https:\/\/italiansublimefood.com\/de\/wp-json\/wp\/v2\/product\/24407","targetHints":{"allow":["GET"]}}],"collection":[{"href":"https:\/\/italiansublimefood.com\/de\/wp-json\/wp\/v2\/product"}],"about":[{"href":"https:\/\/italiansublimefood.com\/de\/wp-json\/wp\/v2\/types\/product"}],"wp:featuredmedia":[{"embeddable":true,"href":"https:\/\/italiansublimefood.com\/de\/wp-json\/wp\/v2\/media\/24837"}],"wp:attachment":[{"href":"https:\/\/italiansublimefood.com\/de\/wp-json\/wp\/v2\/media?parent=24407"}],"wp:term":[{"taxonomy":"product_brand","embeddable":true,"href":"https:\/\/italiansublimefood.com\/de\/wp-json\/wp\/v2\/product_brand?post=24407"},{"taxonomy":"product_cat","embeddable":true,"href":"https:\/\/italiansublimefood.com\/de\/wp-json\/wp\/v2\/product_cat?post=24407"},{"taxonomy":"product_tag","embeddable":true,"href":"https:\/\/italiansublimefood.com\/de\/wp-json\/wp\/v2\/product_tag?post=24407"}],"curies":[{"name":"wp","href":"https:\/\/api.w.org\/{rel}","templated":true}]}}