{"id":24402,"date":"2024-08-02T15:58:45","date_gmt":"2024-08-02T13:58:45","guid":{"rendered":"https:\/\/italiansublimefood.com\/product\/lamone-doc-orcia-mulino-val-dorcia\/"},"modified":"2025-05-05T10:03:38","modified_gmt":"2025-05-05T08:03:38","slug":"lamone-doc-orcia-mulino-val-dorcia","status":"publish","type":"product","link":"https:\/\/italiansublimefood.com\/de\/produkt\/lamone-doc-orcia-mulino-val-dorcia\/","title":{"rendered":"LAMONE DOC ORCIA &#8211; Mulino Val d&#8217;Orcia"},"content":{"rendered":"<p>&nbsp;<\/p>\n<p>&nbsp;<\/p>\n<p>&nbsp;<\/p>\n<p>&nbsp;<\/p>\n","protected":false},"excerpt":{"rendered":"<p>-Orcia DOC Bio-Rotwein. Wir stellen seit 1992 Bio-Wein her. Dieser Wein wurde nicht gefiltert, um die organoleptischen Eigenschaften des Produkts zu gew\u00e4hrleisten. Jegliche R\u00fcckst\u00e4nde sind ein Synonym f\u00fcr Unverf\u00e4lschtheit. Flasche 0,75 lt -Wein: 85% Sangiovese-Trauben, 15% Cabernet Sauvignon-Trauben.<\/p>\n","protected":false},"featured_media":24678,"template":"","meta":[],"product_brand":[],"product_cat":[15],"product_tag":[],"class_list":{"0":"post-24402","1":"product","2":"type-product","3":"status-publish","4":"has-post-thumbnail","6":"product_cat-salumi-e-carni","8":"first","9":"instock","10":"taxable","11":"shipping-taxable","12":"purchasable","13":"product-type-simple"},"_links":{"self":[{"href":"https:\/\/italiansublimefood.com\/de\/wp-json\/wp\/v2\/product\/24402","targetHints":{"allow":["GET"]}}],"collection":[{"href":"https:\/\/italiansublimefood.com\/de\/wp-json\/wp\/v2\/product"}],"about":[{"href":"https:\/\/italiansublimefood.com\/de\/wp-json\/wp\/v2\/types\/product"}],"wp:featuredmedia":[{"embeddable":true,"href":"https:\/\/italiansublimefood.com\/de\/wp-json\/wp\/v2\/media\/24678"}],"wp:attachment":[{"href":"https:\/\/italiansublimefood.com\/de\/wp-json\/wp\/v2\/media?parent=24402"}],"wp:term":[{"taxonomy":"product_brand","embeddable":true,"href":"https:\/\/italiansublimefood.com\/de\/wp-json\/wp\/v2\/product_brand?post=24402"},{"taxonomy":"product_cat","embeddable":true,"href":"https:\/\/italiansublimefood.com\/de\/wp-json\/wp\/v2\/product_cat?post=24402"},{"taxonomy":"product_tag","embeddable":true,"href":"https:\/\/italiansublimefood.com\/de\/wp-json\/wp\/v2\/product_tag?post=24402"}],"curies":[{"name":"wp","href":"https:\/\/api.w.org\/{rel}","templated":true}]}}