{"id":24397,"date":"2024-08-02T15:56:40","date_gmt":"2024-08-02T13:56:40","guid":{"rendered":"https:\/\/italiansublimefood.com\/product\/bio-lentils-05kg-mulino-val-dorcia\/"},"modified":"2025-05-05T10:03:38","modified_gmt":"2025-05-05T08:03:38","slug":"bio-linse-05kg-mulino-val-dorcia","status":"publish","type":"product","link":"https:\/\/italiansublimefood.com\/de\/produkt\/bio-linse-05kg-mulino-val-dorcia\/","title":{"rendered":"Bio-Linse 0,5kg &#8211; Mulino Val d&#8217;Orcia"},"content":{"rendered":"","protected":false},"excerpt":{"rendered":"<p>-Organische Linsen. Sie sind besonders reich an Zuckern und Proteinen sowie an Eisen, das bei Blutarmut und Ersch\u00f6pfungszust\u00e4nden n\u00fctzlich ist; Linsen geh\u00f6ren zu den am besten verdaulichen H\u00fclsenfr\u00fcchten. Sie sind besonders harntreibend, reich an unl\u00f6slichen und l\u00f6slichen Ballaststoffen und enthalten einen hohen Gehalt an Mineralien wie Kalzium, Phosphor, Eisen und Zink sowie die Vitamine B1, B2 und B3.<\/p>\n","protected":false},"featured_media":22741,"template":"","meta":[],"product_brand":[],"product_cat":[15],"product_tag":[271],"class_list":{"0":"post-24397","1":"product","2":"type-product","3":"status-publish","4":"has-post-thumbnail","6":"product_cat-salumi-e-carni","7":"product_tag-mulino-val-dorcia","9":"first","10":"instock","11":"taxable","12":"shipping-taxable","13":"purchasable","14":"product-type-simple"},"_links":{"self":[{"href":"https:\/\/italiansublimefood.com\/de\/wp-json\/wp\/v2\/product\/24397","targetHints":{"allow":["GET"]}}],"collection":[{"href":"https:\/\/italiansublimefood.com\/de\/wp-json\/wp\/v2\/product"}],"about":[{"href":"https:\/\/italiansublimefood.com\/de\/wp-json\/wp\/v2\/types\/product"}],"wp:featuredmedia":[{"embeddable":true,"href":"https:\/\/italiansublimefood.com\/de\/wp-json\/wp\/v2\/media\/22741"}],"wp:attachment":[{"href":"https:\/\/italiansublimefood.com\/de\/wp-json\/wp\/v2\/media?parent=24397"}],"wp:term":[{"taxonomy":"product_brand","embeddable":true,"href":"https:\/\/italiansublimefood.com\/de\/wp-json\/wp\/v2\/product_brand?post=24397"},{"taxonomy":"product_cat","embeddable":true,"href":"https:\/\/italiansublimefood.com\/de\/wp-json\/wp\/v2\/product_cat?post=24397"},{"taxonomy":"product_tag","embeddable":true,"href":"https:\/\/italiansublimefood.com\/de\/wp-json\/wp\/v2\/product_tag?post=24397"}],"curies":[{"name":"wp","href":"https:\/\/api.w.org\/{rel}","templated":true}]}}