{"id":24392,"date":"2024-08-02T15:49:35","date_gmt":"2024-08-02T13:49:35","guid":{"rendered":"https:\/\/italiansublimefood.com\/product\/linseeds-0-5kg-mulino-val-dorcia\/"},"modified":"2025-05-05T10:03:38","modified_gmt":"2025-05-05T08:03:38","slug":"leinsamen-0-5kg-mulino-val-dorcia","status":"publish","type":"product","link":"https:\/\/italiansublimefood.com\/de\/produkt\/leinsamen-0-5kg-mulino-val-dorcia\/","title":{"rendered":"Leinsamen 0.5kg &#8211; Mulino Val d&#8217;Orcia"},"content":{"rendered":"","protected":false},"excerpt":{"rendered":"<p>-Leinsamen, hergestellt und verpackt in Val d&#8217;Orcia von der Firma Mulino Val d&#8217;Orcia. <strong>Gewicht<\/strong>: 500 g &#8211; Aus ern\u00e4hrungswissenschaftlicher Sicht liefern 100 Gramm Leinsamen insgesamt etwa 500 Kalorien. Die empfohlene t\u00e4gliche Verzehrmenge liegt bei <b>1-3 Essl\u00f6ffeln Leinsamen<\/b> pro Tag. Sie k\u00f6nnen roh oder gekocht, ganz oder gemahlen verzehrt werden. Leinsamen bereichern Salate und Suppen, werden zum Fr\u00fchst\u00fcck in M\u00fcsli und Joghurt gemischt oder k\u00f6nnen Paniermehl zum Panieren von Fisch und Fleisch ersetzen. Um ihre ern\u00e4hrungsphysiologischen Eigenschaften besser zu nutzen, empfiehlt es sich, sie zum Zeitpunkt des Verzehrs zu mahlen. Leinsamen, ganz oder zu Mehl gemahlen, werden zur Anreicherung von Brotteigen, Kuchen und anderen Backwaren verwendet, um deren nutrazeutische Eigenschaften zu verbessern.<\/p>\n","protected":false},"featured_media":22714,"template":"","meta":[],"product_brand":[],"product_cat":[15],"product_tag":[271],"class_list":{"0":"post-24392","1":"product","2":"type-product","3":"status-publish","4":"has-post-thumbnail","6":"product_cat-salumi-e-carni","7":"product_tag-mulino-val-dorcia","9":"first","10":"instock","11":"taxable","12":"shipping-taxable","13":"purchasable","14":"product-type-simple"},"_links":{"self":[{"href":"https:\/\/italiansublimefood.com\/de\/wp-json\/wp\/v2\/product\/24392","targetHints":{"allow":["GET"]}}],"collection":[{"href":"https:\/\/italiansublimefood.com\/de\/wp-json\/wp\/v2\/product"}],"about":[{"href":"https:\/\/italiansublimefood.com\/de\/wp-json\/wp\/v2\/types\/product"}],"wp:featuredmedia":[{"embeddable":true,"href":"https:\/\/italiansublimefood.com\/de\/wp-json\/wp\/v2\/media\/22714"}],"wp:attachment":[{"href":"https:\/\/italiansublimefood.com\/de\/wp-json\/wp\/v2\/media?parent=24392"}],"wp:term":[{"taxonomy":"product_brand","embeddable":true,"href":"https:\/\/italiansublimefood.com\/de\/wp-json\/wp\/v2\/product_brand?post=24392"},{"taxonomy":"product_cat","embeddable":true,"href":"https:\/\/italiansublimefood.com\/de\/wp-json\/wp\/v2\/product_cat?post=24392"},{"taxonomy":"product_tag","embeddable":true,"href":"https:\/\/italiansublimefood.com\/de\/wp-json\/wp\/v2\/product_tag?post=24392"}],"curies":[{"name":"wp","href":"https:\/\/api.w.org\/{rel}","templated":true}]}}