{"id":24382,"date":"2024-08-02T15:49:04","date_gmt":"2024-08-02T13:49:04","guid":{"rendered":"https:\/\/italiansublimefood.com\/product\/farro-monococo-05kg-mulino-val-dorcia\/"},"modified":"2025-05-05T10:03:37","modified_gmt":"2025-05-05T08:03:37","slug":"ein-korn-dinkel-05kg-mulino-val-dorcia","status":"publish","type":"product","link":"https:\/\/italiansublimefood.com\/de\/produkt\/ein-korn-dinkel-05kg-mulino-val-dorcia\/","title":{"rendered":"Ein-Korn-Dinkel 0,5kg &#8211; Mulino Val d&#8217;Orcia"},"content":{"rendered":"","protected":false},"excerpt":{"rendered":"<p>Geperlter Bio-Dinkel aus Monococco, hergestellt und verpackt in Val d&#8217;Orcia von der Firma Mulino Val d&#8217;Orcia.Dinkel ist das kalorien\u00e4rmste Getreide und eignet sich dank seines hohen Proteingehalts (15%) in Kombination mit H\u00fclsenfr\u00fcchten f\u00fcr k\u00f6stliche und nicht zu kalorienreiche Eintopfgerichte. Au\u00dferdem ist er reich an Ballaststoffen, die das Hungergef\u00fchl bremsen und die Darmt\u00e4tigkeit regulieren. Es muss nicht eingeweicht werden und ist schnell gekocht.<\/p>\n","protected":false},"featured_media":22701,"template":"","meta":[],"product_brand":[],"product_cat":[15],"product_tag":[271],"class_list":{"0":"post-24382","1":"product","2":"type-product","3":"status-publish","4":"has-post-thumbnail","6":"product_cat-salumi-e-carni","7":"product_tag-mulino-val-dorcia","9":"first","10":"instock","11":"taxable","12":"shipping-taxable","13":"purchasable","14":"product-type-simple"},"_links":{"self":[{"href":"https:\/\/italiansublimefood.com\/de\/wp-json\/wp\/v2\/product\/24382","targetHints":{"allow":["GET"]}}],"collection":[{"href":"https:\/\/italiansublimefood.com\/de\/wp-json\/wp\/v2\/product"}],"about":[{"href":"https:\/\/italiansublimefood.com\/de\/wp-json\/wp\/v2\/types\/product"}],"wp:featuredmedia":[{"embeddable":true,"href":"https:\/\/italiansublimefood.com\/de\/wp-json\/wp\/v2\/media\/22701"}],"wp:attachment":[{"href":"https:\/\/italiansublimefood.com\/de\/wp-json\/wp\/v2\/media?parent=24382"}],"wp:term":[{"taxonomy":"product_brand","embeddable":true,"href":"https:\/\/italiansublimefood.com\/de\/wp-json\/wp\/v2\/product_brand?post=24382"},{"taxonomy":"product_cat","embeddable":true,"href":"https:\/\/italiansublimefood.com\/de\/wp-json\/wp\/v2\/product_cat?post=24382"},{"taxonomy":"product_tag","embeddable":true,"href":"https:\/\/italiansublimefood.com\/de\/wp-json\/wp\/v2\/product_tag?post=24382"}],"curies":[{"name":"wp","href":"https:\/\/api.w.org\/{rel}","templated":true}]}}