{"id":24379,"date":"2024-08-02T15:48:39","date_gmt":"2024-08-02T13:48:39","guid":{"rendered":"https:\/\/italiansublimefood.com\/product\/ameisensuppe-0-350-kg-mulino-val-dorcia\/"},"modified":"2025-05-05T10:03:37","modified_gmt":"2025-05-05T08:03:37","slug":"ameisensuppe-0-350-kg-mulino-val-dorcia","status":"publish","type":"product","link":"https:\/\/italiansublimefood.com\/de\/produkt\/ameisensuppe-0-350-kg-mulino-val-dorcia\/","title":{"rendered":"Ameisensuppe 0.350 kg &#8211; Mulino Val d&#8217;Orcia"},"content":{"rendered":"","protected":false},"excerpt":{"rendered":"<div>\n<p>Monococco-Dinkel, Dicocco-Dinkel, Weichweizen &#8216;Verna&#8217;, Gerste und Linsen aus dem Val d&#8217;Orcia. Unsere Suppen sind ein Bio-Produkt auf der Grundlage von Getreide und H\u00fclsenfr\u00fcchten aus dem Val d&#8217;Orcia. Unsere Suppen m\u00fcssen nicht eingeweicht werden, sind in 20\/25 Minuten fertig und k\u00f6nnen mit gemischtem Gem\u00fcse, Pilzen und Gew\u00fcrzen angereichert werden.<\/p>\n<\/div>\n<div>\n<div>\n<div>\n<div>\n<div>\n<div>\n<div>\n<div>\n<div>\n<p>&#8211;<strong>ZUTATEN<\/strong>: Perlendinkel Monococo 20%, Perlendinkel Dicocco 20%, Weizen &#8220;Verna&#8221; 20%, Gerste Perlendinkel 20%, Linsen 20%. <strong>DURCHSCHNITTLICHE ERN\u00c4HRUNGSWERTE pro 100 g<\/strong>: Energie 1497 KJ \/ 358 Kcal, Fetts\u00e4uren 2 g, davon ges\u00e4ttigt: 0,4 g, Kohlenhydrate 65,7 g, davon Zucker 2,3 g, Eiwei\u00df 14,7 g Salz, 0,0 g.<\/p>\n<\/div>\n<\/div>\n<\/div>\n<\/div>\n<\/div>\n<\/div>\n<\/div>\n<\/div>\n<\/div>\n","protected":false},"featured_media":22680,"template":"","meta":[],"product_brand":[],"product_cat":[15],"product_tag":[271],"class_list":{"0":"post-24379","1":"product","2":"type-product","3":"status-publish","4":"has-post-thumbnail","6":"product_cat-salumi-e-carni","7":"product_tag-mulino-val-dorcia","9":"first","10":"instock","11":"taxable","12":"shipping-taxable","13":"purchasable","14":"product-type-simple"},"_links":{"self":[{"href":"https:\/\/italiansublimefood.com\/de\/wp-json\/wp\/v2\/product\/24379","targetHints":{"allow":["GET"]}}],"collection":[{"href":"https:\/\/italiansublimefood.com\/de\/wp-json\/wp\/v2\/product"}],"about":[{"href":"https:\/\/italiansublimefood.com\/de\/wp-json\/wp\/v2\/types\/product"}],"wp:featuredmedia":[{"embeddable":true,"href":"https:\/\/italiansublimefood.com\/de\/wp-json\/wp\/v2\/media\/22680"}],"wp:attachment":[{"href":"https:\/\/italiansublimefood.com\/de\/wp-json\/wp\/v2\/media?parent=24379"}],"wp:term":[{"taxonomy":"product_brand","embeddable":true,"href":"https:\/\/italiansublimefood.com\/de\/wp-json\/wp\/v2\/product_brand?post=24379"},{"taxonomy":"product_cat","embeddable":true,"href":"https:\/\/italiansublimefood.com\/de\/wp-json\/wp\/v2\/product_cat?post=24379"},{"taxonomy":"product_tag","embeddable":true,"href":"https:\/\/italiansublimefood.com\/de\/wp-json\/wp\/v2\/product_tag?post=24379"}],"curies":[{"name":"wp","href":"https:\/\/api.w.org\/{rel}","templated":true}]}}