{"id":24358,"date":"2024-08-02T15:45:14","date_gmt":"2024-08-02T13:45:14","guid":{"rendered":"https:\/\/italiansublimefood.com\/product\/farina-di-lenticchie-035kg-mulino-val-dorcia\/"},"modified":"2025-05-05T10:03:36","modified_gmt":"2025-05-05T08:03:36","slug":"linsenmehl-035kg-mulino-val-dorcia","status":"publish","type":"product","link":"https:\/\/italiansublimefood.com\/de\/produkt\/linsenmehl-035kg-mulino-val-dorcia\/","title":{"rendered":"Linsenmehl 0,35kg &#8211; Mulino Val d&#8217;Orcia"},"content":{"rendered":"","protected":false},"excerpt":{"rendered":"<p>-Alles Mehl aus unserem Sack! <strong>STEIN-GRUND. <\/strong>Bio Linsenmehl, steingemahlen Linsenmehl enth\u00e4lt wie Kichererbsenmehl im Gegensatz zu herk\u00f6mmlichem Weizenmehl kein Gluten, hat aber einen h\u00f6heren Proteingehalt als Getreidemehl. Es hat den Vorteil, dass es Getreidemehlteige mit n\u00fctzlichen N\u00e4hrstoffen wie pflanzlichem Eiwei\u00df, Eisen und Mineralsalzen anreichert, die f\u00fcr diese H\u00fclsenfrucht charakteristisch sind. &#8211; <strong>Haltbarkeitsdauer:<\/strong> 6 Monate.<\/p>\n","protected":false},"featured_media":24693,"template":"","meta":[],"product_brand":[],"product_cat":[15],"product_tag":[271],"class_list":{"0":"post-24358","1":"product","2":"type-product","3":"status-publish","4":"has-post-thumbnail","6":"product_cat-salumi-e-carni","7":"product_tag-mulino-val-dorcia","9":"first","10":"instock","11":"taxable","12":"shipping-taxable","13":"purchasable","14":"product-type-simple"},"_links":{"self":[{"href":"https:\/\/italiansublimefood.com\/de\/wp-json\/wp\/v2\/product\/24358","targetHints":{"allow":["GET"]}}],"collection":[{"href":"https:\/\/italiansublimefood.com\/de\/wp-json\/wp\/v2\/product"}],"about":[{"href":"https:\/\/italiansublimefood.com\/de\/wp-json\/wp\/v2\/types\/product"}],"wp:featuredmedia":[{"embeddable":true,"href":"https:\/\/italiansublimefood.com\/de\/wp-json\/wp\/v2\/media\/24693"}],"wp:attachment":[{"href":"https:\/\/italiansublimefood.com\/de\/wp-json\/wp\/v2\/media?parent=24358"}],"wp:term":[{"taxonomy":"product_brand","embeddable":true,"href":"https:\/\/italiansublimefood.com\/de\/wp-json\/wp\/v2\/product_brand?post=24358"},{"taxonomy":"product_cat","embeddable":true,"href":"https:\/\/italiansublimefood.com\/de\/wp-json\/wp\/v2\/product_cat?post=24358"},{"taxonomy":"product_tag","embeddable":true,"href":"https:\/\/italiansublimefood.com\/de\/wp-json\/wp\/v2\/product_tag?post=24358"}],"curies":[{"name":"wp","href":"https:\/\/api.w.org\/{rel}","templated":true}]}}