{"id":24355,"date":"2024-08-02T15:45:09","date_gmt":"2024-08-02T13:45:09","guid":{"rendered":"https:\/\/italiansublimefood.com\/product\/chick-erbsenmehl-0-5kg-mulino-val-dorcia\/"},"modified":"2025-05-05T10:03:36","modified_gmt":"2025-05-05T08:03:36","slug":"chick-erbsenmehl-0-5kg-mulino-val-dorcia","status":"publish","type":"product","link":"https:\/\/italiansublimefood.com\/de\/produkt\/chick-erbsenmehl-0-5kg-mulino-val-dorcia\/","title":{"rendered":"CHICK Erbsenmehl 0.5kg &#8211; Mulino Val d&#8217;Orcia"},"content":{"rendered":"","protected":false},"excerpt":{"rendered":"<p>-Alles Mehl aus unserem Sack! <strong>STEIN-GRUND. <\/strong>Steingemahlenes Bio-Kichererbsenmehl.<br \/>\nWeich und flauschig f\u00fcr raffinierte Rezepte. Die Kichererbsen aus dem Val d&#8217;Orcia werden auf dem Bauernhof angebaut und in unserer M\u00fchle mit Steinm\u00fchlensteinen gemahlen.<\/p>\n<p>&#8211;<strong>Aufbewahrungsdauer:<\/strong> 6 Monate.<\/p>\n","protected":false},"featured_media":22596,"template":"","meta":[],"product_brand":[],"product_cat":[15],"product_tag":[271],"class_list":{"0":"post-24355","1":"product","2":"type-product","3":"status-publish","4":"has-post-thumbnail","6":"product_cat-salumi-e-carni","7":"product_tag-mulino-val-dorcia","9":"first","10":"instock","11":"taxable","12":"shipping-taxable","13":"purchasable","14":"product-type-simple"},"_links":{"self":[{"href":"https:\/\/italiansublimefood.com\/de\/wp-json\/wp\/v2\/product\/24355","targetHints":{"allow":["GET"]}}],"collection":[{"href":"https:\/\/italiansublimefood.com\/de\/wp-json\/wp\/v2\/product"}],"about":[{"href":"https:\/\/italiansublimefood.com\/de\/wp-json\/wp\/v2\/types\/product"}],"wp:featuredmedia":[{"embeddable":true,"href":"https:\/\/italiansublimefood.com\/de\/wp-json\/wp\/v2\/media\/22596"}],"wp:attachment":[{"href":"https:\/\/italiansublimefood.com\/de\/wp-json\/wp\/v2\/media?parent=24355"}],"wp:term":[{"taxonomy":"product_brand","embeddable":true,"href":"https:\/\/italiansublimefood.com\/de\/wp-json\/wp\/v2\/product_brand?post=24355"},{"taxonomy":"product_cat","embeddable":true,"href":"https:\/\/italiansublimefood.com\/de\/wp-json\/wp\/v2\/product_cat?post=24355"},{"taxonomy":"product_tag","embeddable":true,"href":"https:\/\/italiansublimefood.com\/de\/wp-json\/wp\/v2\/product_tag?post=24355"}],"curies":[{"name":"wp","href":"https:\/\/api.w.org\/{rel}","templated":true}]}}