{"id":24354,"date":"2024-08-02T15:45:14","date_gmt":"2024-08-02T13:45:14","guid":{"rendered":"https:\/\/italiansublimefood.com\/product\/farina-di-grano-duro-senatore-capelli-1kg-mulino-val-dorcia\/"},"modified":"2025-05-05T10:03:36","modified_gmt":"2025-05-05T08:03:36","slug":"hartweizengriess-senatore-capelli-1kg-mulino-val-dorcia","status":"publish","type":"product","link":"https:\/\/italiansublimefood.com\/de\/produkt\/hartweizengriess-senatore-capelli-1kg-mulino-val-dorcia\/","title":{"rendered":"Hartweizengrie\u00df SENATORE CAPELLI 1kg &#8211; Mulino Val d&#8217;Orcia"},"content":{"rendered":"","protected":false},"excerpt":{"rendered":"<p>-Alles Mehl aus unserem Sack! <strong>STEIN-GRUND. <\/strong>Bio-Hartweizenmehl von Senatore Cappelli, steingemahlen. Senatore Cappelli Hartweizen ist eine gesch\u00e4tzte alte Hartweizensorte. Sein Geschmack, sein Aroma und sein N\u00e4hrstoffgehalt sind im Laufe der Zeit unver\u00e4ndert erhalten geblieben. Er ist reich an N\u00e4hrstoffen wie Lipiden, Aminos\u00e4uren, Vitaminen und Mineralien, weshalb Experten diesem Mehl eine hohe Toleranz zuschreiben. Da es sich um einen sehr harten Weizen handelt, eignet es sich besonders f\u00fcr Pasta, die immer al dente bleibt. &#8211; <strong>Haltbarkeitsdauer:<\/strong> 6 Monate.<\/p>\n","protected":false},"featured_media":22617,"template":"","meta":[],"product_brand":[],"product_cat":[15],"product_tag":[271],"class_list":{"0":"post-24354","1":"product","2":"type-product","3":"status-publish","4":"has-post-thumbnail","6":"product_cat-salumi-e-carni","7":"product_tag-mulino-val-dorcia","9":"first","10":"instock","11":"taxable","12":"shipping-taxable","13":"purchasable","14":"product-type-simple"},"_links":{"self":[{"href":"https:\/\/italiansublimefood.com\/de\/wp-json\/wp\/v2\/product\/24354","targetHints":{"allow":["GET"]}}],"collection":[{"href":"https:\/\/italiansublimefood.com\/de\/wp-json\/wp\/v2\/product"}],"about":[{"href":"https:\/\/italiansublimefood.com\/de\/wp-json\/wp\/v2\/types\/product"}],"wp:featuredmedia":[{"embeddable":true,"href":"https:\/\/italiansublimefood.com\/de\/wp-json\/wp\/v2\/media\/22617"}],"wp:attachment":[{"href":"https:\/\/italiansublimefood.com\/de\/wp-json\/wp\/v2\/media?parent=24354"}],"wp:term":[{"taxonomy":"product_brand","embeddable":true,"href":"https:\/\/italiansublimefood.com\/de\/wp-json\/wp\/v2\/product_brand?post=24354"},{"taxonomy":"product_cat","embeddable":true,"href":"https:\/\/italiansublimefood.com\/de\/wp-json\/wp\/v2\/product_cat?post=24354"},{"taxonomy":"product_tag","embeddable":true,"href":"https:\/\/italiansublimefood.com\/de\/wp-json\/wp\/v2\/product_tag?post=24354"}],"curies":[{"name":"wp","href":"https:\/\/api.w.org\/{rel}","templated":true}]}}