{"id":24352,"date":"2024-08-02T15:45:09","date_gmt":"2024-08-02T13:45:09","guid":{"rendered":"https:\/\/italiansublimefood.com\/product\/farro-dicoco-farina-05kg-mulino-val-dorcia\/"},"modified":"2025-05-05T10:03:36","modified_gmt":"2025-05-05T08:03:36","slug":"dinkel-kokosmehl-05kg-mulino-val-dorcia","status":"publish","type":"product","link":"https:\/\/italiansublimefood.com\/de\/produkt\/dinkel-kokosmehl-05kg-mulino-val-dorcia\/","title":{"rendered":"Dinkel-Kokosmehl 0,5kg &#8211; Mulino Val d&#8217;Orcia"},"content":{"rendered":"","protected":false},"excerpt":{"rendered":"<p>-Alles Mehl aus unserem Sack! <strong>STEIN-GRUND. <\/strong>Bio-Dinkelmehl aus Steinmehl. Das Hauptmerkmal des Steinmahlens ist das Mahlen des gesamten Weizenkorns bei einer niedrigen Verarbeitungsgeschwindigkeit, was die \u00dcberhitzung der M\u00fchlsteine und damit des Mehls reduziert, ohne seine Lipid-Vitamin-Eigenschaften zu beeintr\u00e4chtigen.<\/p>\n<p>&#8211;<strong>Aufbewahrungsdauer:<\/strong> 6 Monate.<\/p>\n","protected":false},"featured_media":22586,"template":"","meta":[],"product_brand":[],"product_cat":[15],"product_tag":[271],"class_list":{"0":"post-24352","1":"product","2":"type-product","3":"status-publish","4":"has-post-thumbnail","6":"product_cat-salumi-e-carni","7":"product_tag-mulino-val-dorcia","9":"first","10":"instock","11":"taxable","12":"shipping-taxable","13":"purchasable","14":"product-type-simple"},"_links":{"self":[{"href":"https:\/\/italiansublimefood.com\/de\/wp-json\/wp\/v2\/product\/24352","targetHints":{"allow":["GET"]}}],"collection":[{"href":"https:\/\/italiansublimefood.com\/de\/wp-json\/wp\/v2\/product"}],"about":[{"href":"https:\/\/italiansublimefood.com\/de\/wp-json\/wp\/v2\/types\/product"}],"wp:featuredmedia":[{"embeddable":true,"href":"https:\/\/italiansublimefood.com\/de\/wp-json\/wp\/v2\/media\/22586"}],"wp:attachment":[{"href":"https:\/\/italiansublimefood.com\/de\/wp-json\/wp\/v2\/media?parent=24352"}],"wp:term":[{"taxonomy":"product_brand","embeddable":true,"href":"https:\/\/italiansublimefood.com\/de\/wp-json\/wp\/v2\/product_brand?post=24352"},{"taxonomy":"product_cat","embeddable":true,"href":"https:\/\/italiansublimefood.com\/de\/wp-json\/wp\/v2\/product_cat?post=24352"},{"taxonomy":"product_tag","embeddable":true,"href":"https:\/\/italiansublimefood.com\/de\/wp-json\/wp\/v2\/product_tag?post=24352"}],"curies":[{"name":"wp","href":"https:\/\/api.w.org\/{rel}","templated":true}]}}