{"id":24327,"date":"2024-08-02T15:42:32","date_gmt":"2024-08-02T13:42:32","guid":{"rendered":"https:\/\/italiansublimefood.com\/product\/pennette-von-farro-mulino-val-dorcia\/"},"modified":"2025-05-05T10:03:35","modified_gmt":"2025-05-05T08:03:35","slug":"pennette-aus-dinkel-mulino-val-dorcia","status":"publish","type":"product","link":"https:\/\/italiansublimefood.com\/de\/produkt\/pennette-aus-dinkel-mulino-val-dorcia\/","title":{"rendered":"Pennette aus Dinkel &#8211; Mulino Val d&#8217;Orcia"},"content":{"rendered":"","protected":false},"excerpt":{"rendered":"<p>-Bio-Dinkelteigwaren, steingemahlenes Mehl, Bronzew\u00fcrfel. Hergestellt aus steingemahlenem Bio-Mehl in der hauseigenen M\u00fchle, in Bronze gezogen und langsam bei niedriger Temperatur getrocknet, sind die Nudeln von Mulino Val d&#8217;Orcia ein handwerkliches Produkt, extrem por\u00f6s, mit charakteristischer Bernsteinfarbe und unverwechselbarem Geschmack! Unsere Nudeln aus steingemahlenem Dinkelmehl haben einen h\u00f6heren Ballaststoff- und Mineralstoffgehalt als industrielle Nudeln und behalten ihre Lipid-Vitamin-Eigenschaften, sind ausgewogener und haben einen niedrigeren glyk\u00e4mischen Index. Ca. 18 Stunden durchschnittliche Trocknungszeit bei einer Temperatur von ca. 38\u00b0\/42\u00b0. <strong> ZUTATEN: <\/strong>Bio-Dinkelvollkornmehl. <b>ERN\u00c4HRUNGSWERTE (Durchschnitt pro 100 g): <\/b>Energie 1496kJ\/354 Kcal, Fetts\u00e4uren 3,58 g, davon ges\u00e4ttigt 0,5 g, Kohlenhydrate 63,67 g, davon Zucker 3,86 g, Ballaststoffe 8,26 g, Eiwei\u00df 12,66 g, Salz 0,004 g.<\/p>\n<p><strong>Kochzeit 6\/ 8 Min.<\/strong><\/p>\n<p>&nbsp;<\/p>\n","protected":false},"featured_media":24727,"template":"","meta":[],"product_brand":[],"product_cat":[15],"product_tag":[271],"class_list":{"0":"post-24327","1":"product","2":"type-product","3":"status-publish","4":"has-post-thumbnail","6":"product_cat-salumi-e-carni","7":"product_tag-mulino-val-dorcia","9":"first","10":"instock","11":"taxable","12":"shipping-taxable","13":"purchasable","14":"product-type-simple"},"_links":{"self":[{"href":"https:\/\/italiansublimefood.com\/de\/wp-json\/wp\/v2\/product\/24327","targetHints":{"allow":["GET"]}}],"collection":[{"href":"https:\/\/italiansublimefood.com\/de\/wp-json\/wp\/v2\/product"}],"about":[{"href":"https:\/\/italiansublimefood.com\/de\/wp-json\/wp\/v2\/types\/product"}],"wp:featuredmedia":[{"embeddable":true,"href":"https:\/\/italiansublimefood.com\/de\/wp-json\/wp\/v2\/media\/24727"}],"wp:attachment":[{"href":"https:\/\/italiansublimefood.com\/de\/wp-json\/wp\/v2\/media?parent=24327"}],"wp:term":[{"taxonomy":"product_brand","embeddable":true,"href":"https:\/\/italiansublimefood.com\/de\/wp-json\/wp\/v2\/product_brand?post=24327"},{"taxonomy":"product_cat","embeddable":true,"href":"https:\/\/italiansublimefood.com\/de\/wp-json\/wp\/v2\/product_cat?post=24327"},{"taxonomy":"product_tag","embeddable":true,"href":"https:\/\/italiansublimefood.com\/de\/wp-json\/wp\/v2\/product_tag?post=24327"}],"curies":[{"name":"wp","href":"https:\/\/api.w.org\/{rel}","templated":true}]}}