{"id":24309,"date":"2024-09-03T12:12:11","date_gmt":"2024-09-03T10:12:11","guid":{"rendered":"https:\/\/italiansublimefood.com\/product\/postumia-helles-brauerei-17\/"},"modified":"2025-05-05T10:03:34","modified_gmt":"2025-05-05T08:03:34","slug":"postumia-helles-birrificio-17","status":"publish","type":"product","link":"https:\/\/italiansublimefood.com\/de\/produkt\/postumia-helles-birrificio-17\/","title":{"rendered":"Postumia Helles &#8211; Birrificio 17"},"content":{"rendered":"","protected":false},"excerpt":{"rendered":"<p>-Es <strong> ist der Erstling von Birrificio 17<\/strong>, der immer in unseren Herzen bleiben wird. Hinter diesem Namen verbirgt sich die Geschichte einer Reise, die vor langer Zeit begann. Postumia ist das Helles, <strong>das lange vor unserer Brauerei in einer Garage in Postioma (TV) geboren wurde<\/strong>. Unser Braumeister Marco wurde nicht m\u00fcde, es zu perfektionieren. Ein unterg\u00e4riges helles Bier, <strong>angenehm durstl\u00f6schend<\/strong>, ohne \u00dcberma\u00df, in perfekter Balance zwischen malzigen Noten und der Annehmlichkeit des Hopfens. <strong>Ein Bier f\u00fcr alle Gelegenheiten!<\/strong> <strong>Unser Pionier. <\/strong><strong>Handwerkskunst:<\/strong> 100%. <strong>-Alc.<\/strong> 5%. <strong>Vol<\/strong>. 33cl. <strong>Farbe des Bieres<\/strong>: goldgelb.<\/p>\n","protected":false},"featured_media":24604,"template":"","meta":[],"product_brand":[],"product_cat":[15],"product_tag":[],"class_list":{"0":"post-24309","1":"product","2":"type-product","3":"status-publish","4":"has-post-thumbnail","6":"product_cat-salumi-e-carni","8":"first","9":"instock","10":"taxable","11":"shipping-taxable","12":"purchasable","13":"product-type-simple"},"_links":{"self":[{"href":"https:\/\/italiansublimefood.com\/de\/wp-json\/wp\/v2\/product\/24309","targetHints":{"allow":["GET"]}}],"collection":[{"href":"https:\/\/italiansublimefood.com\/de\/wp-json\/wp\/v2\/product"}],"about":[{"href":"https:\/\/italiansublimefood.com\/de\/wp-json\/wp\/v2\/types\/product"}],"wp:featuredmedia":[{"embeddable":true,"href":"https:\/\/italiansublimefood.com\/de\/wp-json\/wp\/v2\/media\/24604"}],"wp:attachment":[{"href":"https:\/\/italiansublimefood.com\/de\/wp-json\/wp\/v2\/media?parent=24309"}],"wp:term":[{"taxonomy":"product_brand","embeddable":true,"href":"https:\/\/italiansublimefood.com\/de\/wp-json\/wp\/v2\/product_brand?post=24309"},{"taxonomy":"product_cat","embeddable":true,"href":"https:\/\/italiansublimefood.com\/de\/wp-json\/wp\/v2\/product_cat?post=24309"},{"taxonomy":"product_tag","embeddable":true,"href":"https:\/\/italiansublimefood.com\/de\/wp-json\/wp\/v2\/product_tag?post=24309"}],"curies":[{"name":"wp","href":"https:\/\/api.w.org\/{rel}","templated":true}]}}