{"id":24306,"date":"2024-09-04T11:50:01","date_gmt":"2024-09-04T09:50:01","guid":{"rendered":"https:\/\/italiansublimefood.com\/product\/suadente-250g-retro-gusto-srls\/"},"modified":"2025-05-05T10:03:34","modified_gmt":"2025-05-05T08:03:34","slug":"suadente-250g-retro-gusto-srls","status":"publish","type":"product","link":"https:\/\/italiansublimefood.com\/de\/produkt\/suadente-250g-retro-gusto-srls\/","title":{"rendered":"Suadente 250g &#8211; Retr\u00f2 Gusto srls"},"content":{"rendered":"","protected":false},"excerpt":{"rendered":"<p><strong>-CANTUCCI DI MAREMMA AI FICHI (MAREMMA CANTUCCI MIT <\/strong>FEIGEN<strong>): <\/strong>Die besondere S\u00fc\u00dfe der Feigen in Kombination mit dem Cantuccino macht dieses Geb\u00e4ck zu einer Alternative zu den \u00fcblichen Aperitifs, vielleicht mit einer sch\u00f6nen Scheibe frischem Maremma Caciotta-K\u00e4se und einem guten Rotwein. <strong>GEWICHT:<\/strong> 250gr. &#8211; <strong>ZUTATEN:<\/strong> Mehl00, Zucker, Feigen 33%, Eier, Margarine, B. Ammonium, Aromastoffe. <strong>ALLERGIEN:<\/strong> enth\u00e4lt Mehl, Eier, Milch, kann Spuren von N\u00fcssen, Erdn\u00fcssen, Soja enthalten. <strong>HALTBARKEIT: <\/strong>9 Monate.<\/p>\n","protected":false},"featured_media":24565,"template":"","meta":[],"product_brand":[],"product_cat":[15],"product_tag":[277],"class_list":{"0":"post-24306","1":"product","2":"type-product","3":"status-publish","4":"has-post-thumbnail","6":"product_cat-salumi-e-carni","7":"product_tag-retro-gusto","9":"first","10":"instock","11":"taxable","12":"shipping-taxable","13":"purchasable","14":"product-type-simple"},"_links":{"self":[{"href":"https:\/\/italiansublimefood.com\/de\/wp-json\/wp\/v2\/product\/24306","targetHints":{"allow":["GET"]}}],"collection":[{"href":"https:\/\/italiansublimefood.com\/de\/wp-json\/wp\/v2\/product"}],"about":[{"href":"https:\/\/italiansublimefood.com\/de\/wp-json\/wp\/v2\/types\/product"}],"wp:featuredmedia":[{"embeddable":true,"href":"https:\/\/italiansublimefood.com\/de\/wp-json\/wp\/v2\/media\/24565"}],"wp:attachment":[{"href":"https:\/\/italiansublimefood.com\/de\/wp-json\/wp\/v2\/media?parent=24306"}],"wp:term":[{"taxonomy":"product_brand","embeddable":true,"href":"https:\/\/italiansublimefood.com\/de\/wp-json\/wp\/v2\/product_brand?post=24306"},{"taxonomy":"product_cat","embeddable":true,"href":"https:\/\/italiansublimefood.com\/de\/wp-json\/wp\/v2\/product_cat?post=24306"},{"taxonomy":"product_tag","embeddable":true,"href":"https:\/\/italiansublimefood.com\/de\/wp-json\/wp\/v2\/product_tag?post=24306"}],"curies":[{"name":"wp","href":"https:\/\/api.w.org\/{rel}","templated":true}]}}