{"id":24303,"date":"2024-09-04T11:49:45","date_gmt":"2024-09-04T09:49:45","guid":{"rendered":"https:\/\/italiansublimefood.com\/product\/ciambelline-della-nonna-250g-retro-gusto-srls\/"},"modified":"2025-05-05T10:03:34","modified_gmt":"2025-05-05T08:03:34","slug":"omas-kleine-kringel-250g-retro-gusto-srls","status":"publish","type":"product","link":"https:\/\/italiansublimefood.com\/de\/produkt\/omas-kleine-kringel-250g-retro-gusto-srls\/","title":{"rendered":"Omas kleine Kringel 250g &#8211; Retr\u00f2 Gusto srls"},"content":{"rendered":"","protected":false},"excerpt":{"rendered":"<p>-Gro\u00dfmutters Krapfen sind Kekse, die Teil der Familientradition sind. Mit einfachen und unverf\u00e4lschten Zutaten pflegte Oma Elena alle vor dem K\u00fcchentisch zu versammeln und diese K\u00f6stlichkeit zuzubereiten, die wir Ihnen jetzt wieder mit der gleichen Einfachheit und Handwerkskunst von fr\u00fcher anbieten, ein Keks, der direkt vom Mund ins Herz fliegt. Gro\u00dfmutters klassischer Krapfen in seiner reinsten Form, ein Keks, der Sie durch seine Einfachheit beeindrucken wird. <strong>GEWICHT:<\/strong> 250gr. &#8211; <strong>ZUTATEN:<\/strong> Mehl &#8220;00&#8221;, Zucker, Margarine, Eier, Milch, Honig, Backtriebmittel E450. <strong>ALLERGIEN:<\/strong> enth\u00e4lt Mehl, Eier, Milch, kann Spuren von N\u00fcssen und\/oder Erdn\u00fcssen enthalten. <strong>HALTBARKEIT:<\/strong> 9 Monate.<\/p>\n","protected":false},"featured_media":20887,"template":"","meta":[],"product_brand":[],"product_cat":[15],"product_tag":[277],"class_list":{"0":"post-24303","1":"product","2":"type-product","3":"status-publish","4":"has-post-thumbnail","6":"product_cat-salumi-e-carni","7":"product_tag-retro-gusto","9":"first","10":"instock","11":"taxable","12":"shipping-taxable","13":"purchasable","14":"product-type-simple"},"_links":{"self":[{"href":"https:\/\/italiansublimefood.com\/de\/wp-json\/wp\/v2\/product\/24303","targetHints":{"allow":["GET"]}}],"collection":[{"href":"https:\/\/italiansublimefood.com\/de\/wp-json\/wp\/v2\/product"}],"about":[{"href":"https:\/\/italiansublimefood.com\/de\/wp-json\/wp\/v2\/types\/product"}],"wp:featuredmedia":[{"embeddable":true,"href":"https:\/\/italiansublimefood.com\/de\/wp-json\/wp\/v2\/media\/20887"}],"wp:attachment":[{"href":"https:\/\/italiansublimefood.com\/de\/wp-json\/wp\/v2\/media?parent=24303"}],"wp:term":[{"taxonomy":"product_brand","embeddable":true,"href":"https:\/\/italiansublimefood.com\/de\/wp-json\/wp\/v2\/product_brand?post=24303"},{"taxonomy":"product_cat","embeddable":true,"href":"https:\/\/italiansublimefood.com\/de\/wp-json\/wp\/v2\/product_cat?post=24303"},{"taxonomy":"product_tag","embeddable":true,"href":"https:\/\/italiansublimefood.com\/de\/wp-json\/wp\/v2\/product_tag?post=24303"}],"curies":[{"name":"wp","href":"https:\/\/api.w.org\/{rel}","templated":true}]}}