{"id":24302,"date":"2024-09-04T11:50:00","date_gmt":"2024-09-04T09:50:00","guid":{"rendered":"https:\/\/italiansublimefood.com\/product\/schale-250g-retro-gusto-srls\/"},"modified":"2025-05-05T10:03:34","modified_gmt":"2025-05-05T08:03:34","slug":"schale-250g-retro-gusto-srls","status":"publish","type":"product","link":"https:\/\/italiansublimefood.com\/de\/produkt\/schale-250g-retro-gusto-srls\/","title":{"rendered":"Schale 250g &#8211; Retr\u00f2 Gusto srls"},"content":{"rendered":"","protected":false},"excerpt":{"rendered":"<p><strong>-CANTUCCI DI MAREMMA ALL&#8217;ARANCIA: <\/strong>Die Zitrusfrucht schlechthin, die diesem Biskuit den ganzen Geschmack unserer Halbinsel verleiht. <strong>GEWICHT:<\/strong> 250gr. &#8211; <strong>ZUTATEN:<\/strong> Mehl00, Zucker, Eier, Margarine, Honig, Orangenw\u00fcrfel, Glukosesirup, Fruktose, E220, E330, B. Ammonium, Aromen. <strong>ALLERGIEN:<\/strong> enth\u00e4lt Mehl, Eier, Milch, kann Spuren von N\u00fcssen, Erdn\u00fcssen, Soja enthalten. <strong>HALTBARKEIT:<\/strong> 9 Monate.<\/p>\n","protected":false},"featured_media":24580,"template":"","meta":[],"product_brand":[],"product_cat":[15],"product_tag":[277],"class_list":{"0":"post-24302","1":"product","2":"type-product","3":"status-publish","4":"has-post-thumbnail","6":"product_cat-salumi-e-carni","7":"product_tag-retro-gusto","9":"first","10":"instock","11":"taxable","12":"shipping-taxable","13":"purchasable","14":"product-type-simple"},"_links":{"self":[{"href":"https:\/\/italiansublimefood.com\/de\/wp-json\/wp\/v2\/product\/24302","targetHints":{"allow":["GET"]}}],"collection":[{"href":"https:\/\/italiansublimefood.com\/de\/wp-json\/wp\/v2\/product"}],"about":[{"href":"https:\/\/italiansublimefood.com\/de\/wp-json\/wp\/v2\/types\/product"}],"wp:featuredmedia":[{"embeddable":true,"href":"https:\/\/italiansublimefood.com\/de\/wp-json\/wp\/v2\/media\/24580"}],"wp:attachment":[{"href":"https:\/\/italiansublimefood.com\/de\/wp-json\/wp\/v2\/media?parent=24302"}],"wp:term":[{"taxonomy":"product_brand","embeddable":true,"href":"https:\/\/italiansublimefood.com\/de\/wp-json\/wp\/v2\/product_brand?post=24302"},{"taxonomy":"product_cat","embeddable":true,"href":"https:\/\/italiansublimefood.com\/de\/wp-json\/wp\/v2\/product_cat?post=24302"},{"taxonomy":"product_tag","embeddable":true,"href":"https:\/\/italiansublimefood.com\/de\/wp-json\/wp\/v2\/product_tag?post=24302"}],"curies":[{"name":"wp","href":"https:\/\/api.w.org\/{rel}","templated":true}]}}