{"id":24282,"date":"2024-08-10T04:43:56","date_gmt":"2024-08-10T02:43:56","guid":{"rendered":"https:\/\/italiansublimefood.com\/product\/sauerkirschwein-750ml-morelloaustera\/"},"modified":"2025-05-05T10:03:33","modified_gmt":"2025-05-05T08:03:33","slug":"sauerkirschwein-750ml-morelloaustera","status":"publish","type":"product","link":"https:\/\/italiansublimefood.com\/de\/produkt\/sauerkirschwein-750ml-morelloaustera\/","title":{"rendered":"Sauerkirschwein 750ml &#8211; morelloAustera"},"content":{"rendered":"","protected":false},"excerpt":{"rendered":"<p>LINEA MORELLOAUSTERA &#8211; Einer der ikonischsten und repr\u00e4sentativsten Weine unseres Gebiets, der in der ganzen Welt f\u00fcr seinen s\u00fc\u00dfen Geschmack bekannt ist. Der Sauerkirschwein wird durch die gekonnte Zugabe von Sauerkirschen und Zucker zu Rotwein hergestellt, wodurch eine perfekte Geschmackskombination entsteht, die Ihre Geschmacksknospen verzaubern wird. Von tief rubinroter Farbe, hat er einen wichtigen Hauch von schwarzer Kirsche mit Noten von Banane und w\u00fcrzigem Kakao, der am Gaumen trocken bleibt, aber mit einem feinen Nachgeschmack von Bittermandel. Das Weingut Morello Austera in Cantiano stellt seine Produkte mit traditionellen, f\u00fcr die Region typischen Verarbeitungsmethoden her, die die N\u00e4hrstoff- und Geschmackseigenschaften unver\u00e4ndert lassen. Dieser besondere Wein kann zu Torten, trockenen Kuchen, dunkler Schokolade und Blauschimmelk\u00e4se bei einer Temperatur von 8-10\u00b0C getrunken werden. Er eignet sich auch hervorragend als Aperitif bei einer Temperatur von 4\u00b0C. Neben dem Sauerkirschwein sollten Sie unter den aus Sauerkirschen hergestellten Produkten unbedingt die Cantiano-Konfit\u00fcre und Sauerkirsche probieren.<strong>Gewicht: <\/strong>750 ml. <strong>-Zutaten<\/strong><strong>:<\/strong> Rotwein, Sauerkirschen, Zucker. <strong>Allergene:<\/strong> enth\u00e4lt Sulfite.<\/p>\n<p>&nbsp;<\/p>\n","protected":false},"featured_media":22567,"template":"","meta":[],"product_brand":[],"product_cat":[15],"product_tag":[],"class_list":{"0":"post-24282","1":"product","2":"type-product","3":"status-publish","4":"has-post-thumbnail","6":"product_cat-salumi-e-carni","8":"first","9":"instock","10":"taxable","11":"shipping-taxable","12":"purchasable","13":"product-type-simple"},"_links":{"self":[{"href":"https:\/\/italiansublimefood.com\/de\/wp-json\/wp\/v2\/product\/24282","targetHints":{"allow":["GET"]}}],"collection":[{"href":"https:\/\/italiansublimefood.com\/de\/wp-json\/wp\/v2\/product"}],"about":[{"href":"https:\/\/italiansublimefood.com\/de\/wp-json\/wp\/v2\/types\/product"}],"wp:featuredmedia":[{"embeddable":true,"href":"https:\/\/italiansublimefood.com\/de\/wp-json\/wp\/v2\/media\/22567"}],"wp:attachment":[{"href":"https:\/\/italiansublimefood.com\/de\/wp-json\/wp\/v2\/media?parent=24282"}],"wp:term":[{"taxonomy":"product_brand","embeddable":true,"href":"https:\/\/italiansublimefood.com\/de\/wp-json\/wp\/v2\/product_brand?post=24282"},{"taxonomy":"product_cat","embeddable":true,"href":"https:\/\/italiansublimefood.com\/de\/wp-json\/wp\/v2\/product_cat?post=24282"},{"taxonomy":"product_tag","embeddable":true,"href":"https:\/\/italiansublimefood.com\/de\/wp-json\/wp\/v2\/product_tag?post=24282"}],"curies":[{"name":"wp","href":"https:\/\/api.w.org\/{rel}","templated":true}]}}