{"id":24218,"date":"2024-08-10T04:42:59","date_gmt":"2024-08-10T02:42:59","guid":{"rendered":"https:\/\/italiansublimefood.com\/product\/amarena-traditionelles-topping-mit-ganzen-schwarzen-kirschen-3000g-morelloaustera\/"},"modified":"2025-05-05T10:03:30","modified_gmt":"2025-05-05T08:03:30","slug":"amarena-traditionelles-topping-mit-ganzen-schwarzen-kirschen-3000g-morelloaustera","status":"publish","type":"product","link":"https:\/\/italiansublimefood.com\/de\/produkt\/amarena-traditionelles-topping-mit-ganzen-schwarzen-kirschen-3000g-morelloaustera\/","title":{"rendered":"Amarena Traditionelles Topping (mit ganzen schwarzen Kirschen) 3000g &#8211; morelloAustera"},"content":{"rendered":"","protected":false},"excerpt":{"rendered":"<p>-Die Visciole oder <strong>Amarene di Cantiano-Kirschen<\/strong> werden haupts\u00e4chlich in Sirup vermarktet. Diese Art der Konservierung ist das Ergebnis einer <strong>rein traditionellen und handwerklichen Verarbeitungspraxis<\/strong>, die sie zu einem Produkt macht, das man<strong>&#8216;au naturel<\/strong>&#8216; genie\u00dfen kann, das sich aber auch hervorragend f\u00fcr Eiscreme, Joghurt oder f\u00fcr die Zubereitung von hausgemachten Kuchen und Desserts eignet.<\/p>\n<div class=\"vc_row wpb_row vc_row-fluid rowsminh maxwtitle bg-top vc_custom_1661435509441 vc_row-has-fill vc_row-o-content-middle vc_row-flex\" data-vc-full-width=\"true\" data-vc-full-width-init=\"true\" data-vc-stretch-content=\"true\">\n<div class=\"wpb_column vc_column_container vc_col-sm-2\">\n<div class=\"vc_column-inner\">\n<div class=\"wpb_wrapper\"><\/div>\n<\/div>\n<\/div>\n<\/div>\n<div class=\"vc_row-full-width vc_clearfix\"><\/div>\n<div class=\"vc_row wpb_row vc_row-fluid rowsminh rowvideo overflowgiu vc_custom_1659711996717 vc_row-has-fill vc_row-o-equal-height vc_row-o-content-middle vc_row-flex\" data-vc-full-width=\"true\" data-vc-full-width-init=\"true\" data-vc-stretch-content=\"true\">\n<div class=\"wpb_column vc_column_container vc_col-sm-12\">\n<div class=\"vc_column-inner\">\n<div class=\"wpb_wrapper\">\n<div class=\"wpb_text_column wpb_content_element linkvideo\">\n<div class=\"wpb_wrapper\">\n<p class=\"vp-img-paragraph\">\n<\/div>\n<\/div>\n<\/div>\n<\/div>\n<\/div>\n<\/div>\n","protected":false},"featured_media":22577,"template":"","meta":[],"product_brand":[],"product_cat":[15],"product_tag":[270],"class_list":{"0":"post-24218","1":"product","2":"type-product","3":"status-publish","4":"has-post-thumbnail","6":"product_cat-salumi-e-carni","7":"product_tag-morello-austera","9":"first","10":"instock","11":"taxable","12":"shipping-taxable","13":"purchasable","14":"product-type-simple"},"_links":{"self":[{"href":"https:\/\/italiansublimefood.com\/de\/wp-json\/wp\/v2\/product\/24218","targetHints":{"allow":["GET"]}}],"collection":[{"href":"https:\/\/italiansublimefood.com\/de\/wp-json\/wp\/v2\/product"}],"about":[{"href":"https:\/\/italiansublimefood.com\/de\/wp-json\/wp\/v2\/types\/product"}],"wp:featuredmedia":[{"embeddable":true,"href":"https:\/\/italiansublimefood.com\/de\/wp-json\/wp\/v2\/media\/22577"}],"wp:attachment":[{"href":"https:\/\/italiansublimefood.com\/de\/wp-json\/wp\/v2\/media?parent=24218"}],"wp:term":[{"taxonomy":"product_brand","embeddable":true,"href":"https:\/\/italiansublimefood.com\/de\/wp-json\/wp\/v2\/product_brand?post=24218"},{"taxonomy":"product_cat","embeddable":true,"href":"https:\/\/italiansublimefood.com\/de\/wp-json\/wp\/v2\/product_cat?post=24218"},{"taxonomy":"product_tag","embeddable":true,"href":"https:\/\/italiansublimefood.com\/de\/wp-json\/wp\/v2\/product_tag?post=24218"}],"curies":[{"name":"wp","href":"https:\/\/api.w.org\/{rel}","templated":true}]}}