{"id":24212,"date":"2024-09-04T11:49:46","date_gmt":"2024-09-04T09:49:46","guid":{"rendered":"https:\/\/italiansublimefood.com\/product\/cip-ciop-250g-retro-gusto-srls\/"},"modified":"2025-05-05T10:03:30","modified_gmt":"2025-05-05T08:03:30","slug":"cip-ciop-250g-retro-gusto-srls","status":"publish","type":"product","link":"https:\/\/italiansublimefood.com\/de\/produkt\/cip-ciop-250g-retro-gusto-srls\/","title":{"rendered":"Cip &amp; Ciop 250g &#8211; Retr\u00f2 Gusto srls"},"content":{"rendered":"","protected":false},"excerpt":{"rendered":"<p><strong>-MAREMMA <\/strong>HAZELNUSS <strong>&amp; PISTACHO BISCUCCI: <\/strong>Ein mit Haseln\u00fcssen und Pistazien angereicherter Keks, den nicht einmal die beiden ber\u00fchmtesten Eichh\u00f6rnchen der Welt aufgeben konnten, um sich die Lippen zu lecken. <strong>GEWICHT:<\/strong> 250gr. &#8211; <strong>ZUTATEN:<\/strong> Mehl00, Zucker, Haseln\u00fcsse 19%, Pistazien 7%, Eier, Margarine, Honig, B. Ammonium, Aromen. <strong>ALLERGIEN:<\/strong> enth\u00e4lt Mehl, Eier, Milch, kann Spuren von N\u00fcssen, Erdn\u00fcssen und Soja enthalten. <strong>HALTBARKEIT:<\/strong> 9 Monate.<\/p>\n","protected":false},"featured_media":24580,"template":"","meta":[],"product_brand":[],"product_cat":[15],"product_tag":[277],"class_list":{"0":"post-24212","1":"product","2":"type-product","3":"status-publish","4":"has-post-thumbnail","6":"product_cat-salumi-e-carni","7":"product_tag-retro-gusto","9":"first","10":"instock","11":"taxable","12":"shipping-taxable","13":"purchasable","14":"product-type-simple"},"_links":{"self":[{"href":"https:\/\/italiansublimefood.com\/de\/wp-json\/wp\/v2\/product\/24212","targetHints":{"allow":["GET"]}}],"collection":[{"href":"https:\/\/italiansublimefood.com\/de\/wp-json\/wp\/v2\/product"}],"about":[{"href":"https:\/\/italiansublimefood.com\/de\/wp-json\/wp\/v2\/types\/product"}],"wp:featuredmedia":[{"embeddable":true,"href":"https:\/\/italiansublimefood.com\/de\/wp-json\/wp\/v2\/media\/24580"}],"wp:attachment":[{"href":"https:\/\/italiansublimefood.com\/de\/wp-json\/wp\/v2\/media?parent=24212"}],"wp:term":[{"taxonomy":"product_brand","embeddable":true,"href":"https:\/\/italiansublimefood.com\/de\/wp-json\/wp\/v2\/product_brand?post=24212"},{"taxonomy":"product_cat","embeddable":true,"href":"https:\/\/italiansublimefood.com\/de\/wp-json\/wp\/v2\/product_cat?post=24212"},{"taxonomy":"product_tag","embeddable":true,"href":"https:\/\/italiansublimefood.com\/de\/wp-json\/wp\/v2\/product_tag?post=24212"}],"curies":[{"name":"wp","href":"https:\/\/api.w.org\/{rel}","templated":true}]}}